{"id":520,"date":"2023-06-17T15:16:34","date_gmt":"2023-06-17T15:16:34","guid":{"rendered":"https:\/\/hausarztzentrum-holtenser-berg.de\/?page_id=520"},"modified":"2026-02-07T17:05:52","modified_gmt":"2026-02-07T17:05:52","slug":"stellenangebote-2","status":"publish","type":"page","link":"https:\/\/hausarztzentrum-holtenser-berg.de\/?page_id=520","title":{"rendered":"Stellenangebote"},"content":{"rendered":"\n<p>Wir suchen eine <strong>MFA (m\/w\/d)<\/strong>, die in einer familienfreundlichen Praxis arbeiten m\u00f6chte!<\/p>\n\n\n\n<p>Wir, das sind 4 \u00c4rztInnen mit insgesamt 9 Kindern, die an 2 Standorten in G\u00f6ttingen arbeiten.<\/p>\n\n\n\n<p>Wir wissen, wie schwierig es ist, Beruf und Kinder unter &#8222;einen Hut&#8220; zu bekommen.<\/p>\n\n\n\n<p>Deshalb m\u00f6chten wir neue Wege in unserer Praxis gehen und Ihnen in unserem Praxisteam einen fortschrittlichen und familienfreundlichen Arbeitsplatz anbieten:<\/p>\n\n\n\n<p>&#8211; keine Hierarchien, sondern Teamarbeit<br>&#8211; Kernarbeitszeit 8:30 &#8211; 12:00 Uhr mit der M\u00f6glichkeit der Mehrarbeit<br>&#8211; Arbeitszeitkonten<br>&#8211; regelm\u00e4\u00dfige Teambesprechungen<br>&#8211; tarifgerechte Bezahlung inkl. 13. Monatsgehalt<br>&#8211; F\u00f6rderung von Fortbildungen z.B. zur VERAH\/N\u00c4PA<\/p>\n\n\n\n<p>Ob auf Minijob-Basis, in TZ oder bis max. 28h, wir finden ein Arbeitszeitmodell, das Ihren und unseren Bed\u00fcrfnissen entspricht.<\/p>\n\n\n\n<p>Wir freuen uns auf Ihre Bewerbung hier \u00fcber <strong>info@hausarztzentrum-holtenser-berg.de<\/strong> oder Tel. <strong>0551-62274<\/strong>.<\/p>\n\n\n\n<p>Weiterhin suchen wir:<\/p>\n\n\n\n<p>Eine\/n <strong>Auszubildende\/n zur\/m MFA (m\/w\/d) ab 1.8.26<\/strong>.<\/p>\n\n\n\n<p>Sie haben Interesse am Beruf der medizinischen Fachangestellten? Sie k\u00f6nnen gut mit Menschen umgehen und Blut sehen? Sie haben Interesse an der Mitarbeit in einem jungen Team?<\/p>\n\n\n\n<p>Wir erwarten:<\/p>\n\n\n\n<ul class=\"wp-block-list\">\n<li><strong>Gute schulische Vorkenntnisse<\/strong> in den Bereichen, die Sie bei uns brauchen. So sind gute Biologie- und Chemie-Noten von Vorteil, da Sie vieles \u00fcber Laborwerte, biologische Vorg\u00e4nge im Menschen und Krankheiten lernen werden. Auch Kenntnisse im Mathe sind wichtig. Wir hantieren mit vielen Zahlen und Fehler k\u00f6nnen im Medizinbereich fatale Folgen haben. Gute Deutschkenntnisse sind wichtig bei der vielen Korrespondenz, die anf\u00e4llt. Da wir viele Patienten betreuen, deren Muttersprache nicht Deutsch ist, sind Grundkenntnisse in Englisch hilfreich. <\/li>\n\n\n\n<li><strong>Teamf\u00e4higkeit! <\/strong>Nur als Team k\u00f6nnen wir den Patienten helfen! Wir legen Wert auf ein gutes Arbeitsklima.<\/li>\n\n\n\n<li><strong>EDV-Kenntnisse!<\/strong> Ein gro\u00dfer Teil der Arbeit in Arztpraxen wird mittlerweile mit der EDV erledigt. Sie m\u00fcssen kein EDV-Genie sein, aber sie sollten aufgeschlossen und lernwillig sein, denn es \u00e4ndert sich st\u00e4ndig etwas.<\/li>\n\n\n\n<li><strong>Zuverl\u00e4ssigkeit! <\/strong> In der Medizin geht es um verantwortungsvolle T\u00e4tigkeiten! Hier ist Konzentration und Motivation unabdingbar!<\/li>\n<\/ul>\n\n\n\n<p>Wenn Sie sich bei den Anforderungen wiederfinden, dann bewerben Sie sich bitte mit den \u00fcblichen Unterlagen bei uns per Email unter <strong>info@hausarztzentrum-holtenser-berg.de<\/strong>.<\/p>\n","protected":false},"excerpt":{"rendered":"<p>Wir suchen eine MFA (m\/w\/d), die in einer familienfreundlichen Praxis arbeiten m\u00f6chte! Wir, das sind 4 \u00c4rztInnen mit insgesamt 9 Kindern, die an 2 Standorten in G\u00f6ttingen arbeiten. Wir wissen, wie schwierig es ist, Beruf und Kinder unter &#8222;einen Hut&#8220; zu bekommen. Deshalb m\u00f6chten wir neue Wege in unserer Praxis [&hellip;]<\/p>\n","protected":false},"author":1,"featured_media":0,"parent":0,"menu_order":0,"comment_status":"closed","ping_status":"closed","template":"","meta":{"footnotes":""},"class_list":["post-520","page","type-page","status-publish","hentry"],"yoast_head":"<!-- This site is optimized with the Yoast SEO plugin v27.4 - https:\/\/yoast.com\/product\/yoast-seo-wordpress\/ -->\n<title>Stellenangebote - Hausarzt-Zentrum Holtenser Berg<\/title>\n<meta name=\"robots\" content=\"index, follow, max-snippet:-1, max-image-preview:large, max-video-preview:-1\" \/>\n<link rel=\"canonical\" href=\"https:\/\/hausarztzentrum-holtenser-berg.de\/?page_id=520\" \/>\n<meta property=\"og:locale\" content=\"de_DE\" \/>\n<meta property=\"og:type\" content=\"article\" \/>\n<meta property=\"og:title\" content=\"Stellenangebote - Hausarzt-Zentrum Holtenser Berg\" \/>\n<meta property=\"og:description\" content=\"Wir suchen eine MFA (m\/w\/d), die in einer familienfreundlichen Praxis arbeiten m\u00f6chte! Wir, das sind 4 \u00c4rztInnen mit insgesamt 9 Kindern, die an 2 Standorten in G\u00f6ttingen arbeiten. Wir wissen, wie schwierig es ist, Beruf und Kinder unter &#8222;einen Hut&#8220; zu bekommen. Deshalb m\u00f6chten wir neue Wege in unserer Praxis [&hellip;]\" \/>\n<meta property=\"og:url\" content=\"https:\/\/hausarztzentrum-holtenser-berg.de\/?page_id=520\" \/>\n<meta property=\"og:site_name\" content=\"Hausarzt-Zentrum Holtenser Berg\" \/>\n<meta property=\"article:modified_time\" content=\"2026-02-07T17:05:52+00:00\" \/>\n<meta name=\"twitter:card\" content=\"summary_large_image\" \/>\n<meta name=\"twitter:label1\" content=\"Gesch\u00e4tzte Lesezeit\" \/>\n\t<meta name=\"twitter:data1\" content=\"2\u00a0Minuten\" \/>\n<script type=\"application\/ld+json\" class=\"yoast-schema-graph\">{\"@context\":\"https:\\\/\\\/schema.org\",\"@graph\":[{\"@type\":\"WebPage\",\"@id\":\"https:\\\/\\\/hausarztzentrum-holtenser-berg.de\\\/?page_id=520\",\"url\":\"https:\\\/\\\/hausarztzentrum-holtenser-berg.de\\\/?page_id=520\",\"name\":\"Stellenangebote - Hausarzt-Zentrum Holtenser Berg\",\"isPartOf\":{\"@id\":\"https:\\\/\\\/hausarztzentrum-holtenser-berg.de\\\/#website\"},\"datePublished\":\"2023-06-17T15:16:34+00:00\",\"dateModified\":\"2026-02-07T17:05:52+00:00\",\"breadcrumb\":{\"@id\":\"https:\\\/\\\/hausarztzentrum-holtenser-berg.de\\\/?page_id=520#breadcrumb\"},\"inLanguage\":\"de\",\"potentialAction\":[{\"@type\":\"ReadAction\",\"target\":[\"https:\\\/\\\/hausarztzentrum-holtenser-berg.de\\\/?page_id=520\"]}]},{\"@type\":\"BreadcrumbList\",\"@id\":\"https:\\\/\\\/hausarztzentrum-holtenser-berg.de\\\/?page_id=520#breadcrumb\",\"itemListElement\":[{\"@type\":\"ListItem\",\"position\":1,\"name\":\"Startseite\",\"item\":\"https:\\\/\\\/hausarztzentrum-holtenser-berg.de\\\/?page_id=343\"},{\"@type\":\"ListItem\",\"position\":2,\"name\":\"Stellenangebote\"}]},{\"@type\":\"WebSite\",\"@id\":\"https:\\\/\\\/hausarztzentrum-holtenser-berg.de\\\/#website\",\"url\":\"https:\\\/\\\/hausarztzentrum-holtenser-berg.de\\\/\",\"name\":\"Hausarzt-Zentrum Holtenser Berg\",\"description\":\"Ihre Haus\u00e4rzte f\u00fcr die ganze Familie\",\"publisher\":{\"@id\":\"https:\\\/\\\/hausarztzentrum-holtenser-berg.de\\\/#organization\"},\"potentialAction\":[{\"@type\":\"SearchAction\",\"target\":{\"@type\":\"EntryPoint\",\"urlTemplate\":\"https:\\\/\\\/hausarztzentrum-holtenser-berg.de\\\/?s={search_term_string}\"},\"query-input\":{\"@type\":\"PropertyValueSpecification\",\"valueRequired\":true,\"valueName\":\"search_term_string\"}}],\"inLanguage\":\"de\"},{\"@type\":\"Organization\",\"@id\":\"https:\\\/\\\/hausarztzentrum-holtenser-berg.de\\\/#organization\",\"name\":\"Hausarztpraxis Holtenser Berg\",\"url\":\"https:\\\/\\\/hausarztzentrum-holtenser-berg.de\\\/\",\"logo\":{\"@type\":\"ImageObject\",\"inLanguage\":\"de\",\"@id\":\"https:\\\/\\\/hausarztzentrum-holtenser-berg.de\\\/#\\\/schema\\\/logo\\\/image\\\/\",\"url\":\"https:\\\/\\\/i0.wp.com\\\/hausarztzentrum-holtenser-berg.de\\\/wp-content\\\/uploads\\\/2019\\\/07\\\/cropped-Logo_Fischer_1c_ohneText-2.png?fit=2369%2C1005&ssl=1\",\"contentUrl\":\"https:\\\/\\\/i0.wp.com\\\/hausarztzentrum-holtenser-berg.de\\\/wp-content\\\/uploads\\\/2019\\\/07\\\/cropped-Logo_Fischer_1c_ohneText-2.png?fit=2369%2C1005&ssl=1\",\"width\":2369,\"height\":1005,\"caption\":\"Hausarztpraxis Holtenser Berg\"},\"image\":{\"@id\":\"https:\\\/\\\/hausarztzentrum-holtenser-berg.de\\\/#\\\/schema\\\/logo\\\/image\\\/\"}}]}<\/script>\n<!-- \/ Yoast SEO plugin. -->","yoast_head_json":{"title":"Stellenangebote - Hausarzt-Zentrum Holtenser Berg","robots":{"index":"index","follow":"follow","max-snippet":"max-snippet:-1","max-image-preview":"max-image-preview:large","max-video-preview":"max-video-preview:-1"},"canonical":"https:\/\/hausarztzentrum-holtenser-berg.de\/?page_id=520","og_locale":"de_DE","og_type":"article","og_title":"Stellenangebote - Hausarzt-Zentrum Holtenser Berg","og_description":"Wir suchen eine MFA (m\/w\/d), die in einer familienfreundlichen Praxis arbeiten m\u00f6chte! Wir, das sind 4 \u00c4rztInnen mit insgesamt 9 Kindern, die an 2 Standorten in G\u00f6ttingen arbeiten. Wir wissen, wie schwierig es ist, Beruf und Kinder unter &#8222;einen Hut&#8220; zu bekommen. Deshalb m\u00f6chten wir neue Wege in unserer Praxis [&hellip;]","og_url":"https:\/\/hausarztzentrum-holtenser-berg.de\/?page_id=520","og_site_name":"Hausarzt-Zentrum Holtenser Berg","article_modified_time":"2026-02-07T17:05:52+00:00","twitter_card":"summary_large_image","twitter_misc":{"Gesch\u00e4tzte Lesezeit":"2\u00a0Minuten"},"schema":{"@context":"https:\/\/schema.org","@graph":[{"@type":"WebPage","@id":"https:\/\/hausarztzentrum-holtenser-berg.de\/?page_id=520","url":"https:\/\/hausarztzentrum-holtenser-berg.de\/?page_id=520","name":"Stellenangebote - Hausarzt-Zentrum Holtenser Berg","isPartOf":{"@id":"https:\/\/hausarztzentrum-holtenser-berg.de\/#website"},"datePublished":"2023-06-17T15:16:34+00:00","dateModified":"2026-02-07T17:05:52+00:00","breadcrumb":{"@id":"https:\/\/hausarztzentrum-holtenser-berg.de\/?page_id=520#breadcrumb"},"inLanguage":"de","potentialAction":[{"@type":"ReadAction","target":["https:\/\/hausarztzentrum-holtenser-berg.de\/?page_id=520"]}]},{"@type":"BreadcrumbList","@id":"https:\/\/hausarztzentrum-holtenser-berg.de\/?page_id=520#breadcrumb","itemListElement":[{"@type":"ListItem","position":1,"name":"Startseite","item":"https:\/\/hausarztzentrum-holtenser-berg.de\/?page_id=343"},{"@type":"ListItem","position":2,"name":"Stellenangebote"}]},{"@type":"WebSite","@id":"https:\/\/hausarztzentrum-holtenser-berg.de\/#website","url":"https:\/\/hausarztzentrum-holtenser-berg.de\/","name":"Hausarzt-Zentrum Holtenser Berg","description":"Ihre Haus\u00e4rzte f\u00fcr die ganze Familie","publisher":{"@id":"https:\/\/hausarztzentrum-holtenser-berg.de\/#organization"},"potentialAction":[{"@type":"SearchAction","target":{"@type":"EntryPoint","urlTemplate":"https:\/\/hausarztzentrum-holtenser-berg.de\/?s={search_term_string}"},"query-input":{"@type":"PropertyValueSpecification","valueRequired":true,"valueName":"search_term_string"}}],"inLanguage":"de"},{"@type":"Organization","@id":"https:\/\/hausarztzentrum-holtenser-berg.de\/#organization","name":"Hausarztpraxis Holtenser Berg","url":"https:\/\/hausarztzentrum-holtenser-berg.de\/","logo":{"@type":"ImageObject","inLanguage":"de","@id":"https:\/\/hausarztzentrum-holtenser-berg.de\/#\/schema\/logo\/image\/","url":"https:\/\/i0.wp.com\/hausarztzentrum-holtenser-berg.de\/wp-content\/uploads\/2019\/07\/cropped-Logo_Fischer_1c_ohneText-2.png?fit=2369%2C1005&ssl=1","contentUrl":"https:\/\/i0.wp.com\/hausarztzentrum-holtenser-berg.de\/wp-content\/uploads\/2019\/07\/cropped-Logo_Fischer_1c_ohneText-2.png?fit=2369%2C1005&ssl=1","width":2369,"height":1005,"caption":"Hausarztpraxis Holtenser Berg"},"image":{"@id":"https:\/\/hausarztzentrum-holtenser-berg.de\/#\/schema\/logo\/image\/"}}]}},"jetpack_sharing_enabled":true,"_links":{"self":[{"href":"https:\/\/hausarztzentrum-holtenser-berg.de\/index.php?rest_route=\/wp\/v2\/pages\/520","targetHints":{"allow":["GET"]}}],"collection":[{"href":"https:\/\/hausarztzentrum-holtenser-berg.de\/index.php?rest_route=\/wp\/v2\/pages"}],"about":[{"href":"https:\/\/hausarztzentrum-holtenser-berg.de\/index.php?rest_route=\/wp\/v2\/types\/page"}],"author":[{"embeddable":true,"href":"https:\/\/hausarztzentrum-holtenser-berg.de\/index.php?rest_route=\/wp\/v2\/users\/1"}],"replies":[{"embeddable":true,"href":"https:\/\/hausarztzentrum-holtenser-berg.de\/index.php?rest_route=%2Fwp%2Fv2%2Fcomments&post=520"}],"version-history":[{"count":9,"href":"https:\/\/hausarztzentrum-holtenser-berg.de\/index.php?rest_route=\/wp\/v2\/pages\/520\/revisions"}],"predecessor-version":[{"id":673,"href":"https:\/\/hausarztzentrum-holtenser-berg.de\/index.php?rest_route=\/wp\/v2\/pages\/520\/revisions\/673"}],"wp:attachment":[{"href":"https:\/\/hausarztzentrum-holtenser-berg.de\/index.php?rest_route=%2Fwp%2Fv2%2Fmedia&parent=520"}],"curies":[{"name":"wp","href":"https:\/\/api.w.org\/{rel}","templated":true}]}}