{"id":318,"date":"2022-09-23T10:55:00","date_gmt":"2022-09-23T10:55:00","guid":{"rendered":"http:\/\/hausarztzentrum-holtenser-berg.de\/?page_id=318"},"modified":"2024-11-01T19:20:57","modified_gmt":"2024-11-01T19:20:57","slug":"covid-impfungen-in-unserer-praxis","status":"publish","type":"page","link":"https:\/\/hausarztzentrum-holtenser-berg.de\/?page_id=318","title":{"rendered":"Covid Impfungen"},"content":{"rendered":"\n<p><strong>Wie angek\u00fcndigt impfen wir ab November wieder gegen Covid-19. Bitte vereinbaren Sie mit unserem Team hierzu einen Termin.\u00a0<\/strong><\/p>\n\n\n\n<p>Die neuesten Impfempfehlungen der STIKO sehen vor, dass sich Patient:innen ab dem 60. Lebensjahr sowie chronisch Kranke impfen lassen sollten. Die Regelung, dass die letzte Covid-Impfung oder Covid-Infektion l\u00e4nger als 12 Monate her sein sollte, ist entfallen. Im Herbst k\u00f6nnen sich daher alle impfen lassen, die eine Auffrischung-Impfung bekommen m\u00f6chten.<\/p>\n\n\n\n<p>Die Covid-Impfung kann unproblematisch zusammen mit der Influenza- Impfung verabreicht werden.<\/p>\n\n\n\n<p>Bringen Sie bitte\u00a0<strong>Ihren Impfausweis mit<\/strong>.\u00a0<\/p>\n\n\n\n<p>Wenn Sie Krankheitssymptome wie Husten, Schnupfen, Fieber etc. haben, sagen Sie Ihren Termin bitte unbedingt ab und stellen sich in der Infektionssprechstunde vor!&nbsp;<\/p>\n\n\n\n<p>Ihr Praxisteam<\/p>\n\n\n\n<figure class=\"wp-block-image size-large\"><img data-recalc-dims=\"1\" loading=\"lazy\" decoding=\"async\" width=\"750\" height=\"1000\" src=\"https:\/\/i0.wp.com\/hausarztzentrum-holtenser-berg.de\/wp-content\/uploads\/2021\/12\/img_5930.jpg?resize=750%2C1000&#038;ssl=1\" alt=\"\" class=\"wp-image-421\" srcset=\"https:\/\/i0.wp.com\/hausarztzentrum-holtenser-berg.de\/wp-content\/uploads\/2021\/12\/img_5930-scaled.jpg?resize=768%2C1024&amp;ssl=1 768w, https:\/\/i0.wp.com\/hausarztzentrum-holtenser-berg.de\/wp-content\/uploads\/2021\/12\/img_5930-scaled.jpg?resize=225%2C300&amp;ssl=1 225w, https:\/\/i0.wp.com\/hausarztzentrum-holtenser-berg.de\/wp-content\/uploads\/2021\/12\/img_5930-scaled.jpg?resize=1152%2C1536&amp;ssl=1 1152w, https:\/\/i0.wp.com\/hausarztzentrum-holtenser-berg.de\/wp-content\/uploads\/2021\/12\/img_5930-scaled.jpg?resize=1536%2C2048&amp;ssl=1 1536w, https:\/\/i0.wp.com\/hausarztzentrum-holtenser-berg.de\/wp-content\/uploads\/2021\/12\/img_5930-scaled.jpg?w=1920&amp;ssl=1 1920w\" sizes=\"auto, (max-width: 750px) 100vw, 750px\" \/><\/figure>\n","protected":false},"excerpt":{"rendered":"<p>Wie angek\u00fcndigt impfen wir ab November wieder gegen Covid-19. Bitte vereinbaren Sie mit unserem Team hierzu einen Termin.\u00a0 Die neuesten Impfempfehlungen der STIKO sehen vor, dass sich Patient:innen ab dem 60. Lebensjahr sowie chronisch Kranke impfen lassen sollten. Die Regelung, dass die letzte Covid-Impfung oder Covid-Infektion l\u00e4nger als 12 Monate [&hellip;]<\/p>\n","protected":false},"author":1,"featured_media":0,"parent":0,"menu_order":0,"comment_status":"closed","ping_status":"closed","template":"","meta":{"footnotes":""},"class_list":["post-318","page","type-page","status-publish","hentry"],"yoast_head":"<!-- This site is optimized with the Yoast SEO plugin v27.5 - https:\/\/yoast.com\/product\/yoast-seo-wordpress\/ -->\n<title>Covid Impfungen - Hausarzt-Zentrum Holtenser Berg<\/title>\n<meta name=\"robots\" content=\"index, follow, max-snippet:-1, max-image-preview:large, max-video-preview:-1\" \/>\n<link rel=\"canonical\" href=\"https:\/\/hausarztzentrum-holtenser-berg.de\/?page_id=318\" \/>\n<meta property=\"og:locale\" content=\"de_DE\" \/>\n<meta property=\"og:type\" content=\"article\" \/>\n<meta property=\"og:title\" content=\"Covid Impfungen - Hausarzt-Zentrum Holtenser Berg\" \/>\n<meta property=\"og:description\" content=\"Wie angek\u00fcndigt impfen wir ab November wieder gegen Covid-19. Bitte vereinbaren Sie mit unserem Team hierzu einen Termin.\u00a0 Die neuesten Impfempfehlungen der STIKO sehen vor, dass sich Patient:innen ab dem 60. Lebensjahr sowie chronisch Kranke impfen lassen sollten. Die Regelung, dass die letzte Covid-Impfung oder Covid-Infektion l\u00e4nger als 12 Monate [&hellip;]\" \/>\n<meta property=\"og:url\" content=\"https:\/\/hausarztzentrum-holtenser-berg.de\/?page_id=318\" \/>\n<meta property=\"og:site_name\" content=\"Hausarzt-Zentrum Holtenser Berg\" \/>\n<meta property=\"article:modified_time\" content=\"2024-11-01T19:20:57+00:00\" \/>\n<meta property=\"og:image\" content=\"https:\/\/hausarztzentrum-holtenser-berg.de\/wp-content\/uploads\/2021\/12\/img_5930-768x1024.jpg\" \/>\n<meta name=\"twitter:card\" content=\"summary_large_image\" \/>\n<meta name=\"twitter:label1\" content=\"Gesch\u00e4tzte Lesezeit\" \/>\n\t<meta name=\"twitter:data1\" content=\"1\u00a0Minute\" \/>\n<script type=\"application\/ld+json\" class=\"yoast-schema-graph\">{\"@context\":\"https:\\\/\\\/schema.org\",\"@graph\":[{\"@type\":\"WebPage\",\"@id\":\"https:\\\/\\\/hausarztzentrum-holtenser-berg.de\\\/?page_id=318\",\"url\":\"https:\\\/\\\/hausarztzentrum-holtenser-berg.de\\\/?page_id=318\",\"name\":\"Covid Impfungen - Hausarzt-Zentrum Holtenser Berg\",\"isPartOf\":{\"@id\":\"https:\\\/\\\/hausarztzentrum-holtenser-berg.de\\\/#website\"},\"primaryImageOfPage\":{\"@id\":\"https:\\\/\\\/hausarztzentrum-holtenser-berg.de\\\/?page_id=318#primaryimage\"},\"image\":{\"@id\":\"https:\\\/\\\/hausarztzentrum-holtenser-berg.de\\\/?page_id=318#primaryimage\"},\"thumbnailUrl\":\"https:\\\/\\\/hausarztzentrum-holtenser-berg.de\\\/wp-content\\\/uploads\\\/2021\\\/12\\\/img_5930-768x1024.jpg\",\"datePublished\":\"2022-09-23T10:55:00+00:00\",\"dateModified\":\"2024-11-01T19:20:57+00:00\",\"breadcrumb\":{\"@id\":\"https:\\\/\\\/hausarztzentrum-holtenser-berg.de\\\/?page_id=318#breadcrumb\"},\"inLanguage\":\"de\",\"potentialAction\":[{\"@type\":\"ReadAction\",\"target\":[\"https:\\\/\\\/hausarztzentrum-holtenser-berg.de\\\/?page_id=318\"]}]},{\"@type\":\"ImageObject\",\"inLanguage\":\"de\",\"@id\":\"https:\\\/\\\/hausarztzentrum-holtenser-berg.de\\\/?page_id=318#primaryimage\",\"url\":\"https:\\\/\\\/i0.wp.com\\\/hausarztzentrum-holtenser-berg.de\\\/wp-content\\\/uploads\\\/2021\\\/12\\\/img_5930-scaled.jpg?fit=1920%2C2560&ssl=1\",\"contentUrl\":\"https:\\\/\\\/i0.wp.com\\\/hausarztzentrum-holtenser-berg.de\\\/wp-content\\\/uploads\\\/2021\\\/12\\\/img_5930-scaled.jpg?fit=1920%2C2560&ssl=1\",\"width\":1920,\"height\":2560},{\"@type\":\"BreadcrumbList\",\"@id\":\"https:\\\/\\\/hausarztzentrum-holtenser-berg.de\\\/?page_id=318#breadcrumb\",\"itemListElement\":[{\"@type\":\"ListItem\",\"position\":1,\"name\":\"Startseite\",\"item\":\"https:\\\/\\\/hausarztzentrum-holtenser-berg.de\\\/?page_id=343\"},{\"@type\":\"ListItem\",\"position\":2,\"name\":\"Covid Impfungen\"}]},{\"@type\":\"WebSite\",\"@id\":\"https:\\\/\\\/hausarztzentrum-holtenser-berg.de\\\/#website\",\"url\":\"https:\\\/\\\/hausarztzentrum-holtenser-berg.de\\\/\",\"name\":\"Hausarzt-Zentrum Holtenser Berg\",\"description\":\"Ihre Haus\u00e4rzte f\u00fcr die ganze Familie\",\"publisher\":{\"@id\":\"https:\\\/\\\/hausarztzentrum-holtenser-berg.de\\\/#organization\"},\"potentialAction\":[{\"@type\":\"SearchAction\",\"target\":{\"@type\":\"EntryPoint\",\"urlTemplate\":\"https:\\\/\\\/hausarztzentrum-holtenser-berg.de\\\/?s={search_term_string}\"},\"query-input\":{\"@type\":\"PropertyValueSpecification\",\"valueRequired\":true,\"valueName\":\"search_term_string\"}}],\"inLanguage\":\"de\"},{\"@type\":\"Organization\",\"@id\":\"https:\\\/\\\/hausarztzentrum-holtenser-berg.de\\\/#organization\",\"name\":\"Hausarztpraxis Holtenser Berg\",\"url\":\"https:\\\/\\\/hausarztzentrum-holtenser-berg.de\\\/\",\"logo\":{\"@type\":\"ImageObject\",\"inLanguage\":\"de\",\"@id\":\"https:\\\/\\\/hausarztzentrum-holtenser-berg.de\\\/#\\\/schema\\\/logo\\\/image\\\/\",\"url\":\"https:\\\/\\\/i0.wp.com\\\/hausarztzentrum-holtenser-berg.de\\\/wp-content\\\/uploads\\\/2019\\\/07\\\/cropped-Logo_Fischer_1c_ohneText-2.png?fit=2369%2C1005&ssl=1\",\"contentUrl\":\"https:\\\/\\\/i0.wp.com\\\/hausarztzentrum-holtenser-berg.de\\\/wp-content\\\/uploads\\\/2019\\\/07\\\/cropped-Logo_Fischer_1c_ohneText-2.png?fit=2369%2C1005&ssl=1\",\"width\":2369,\"height\":1005,\"caption\":\"Hausarztpraxis Holtenser Berg\"},\"image\":{\"@id\":\"https:\\\/\\\/hausarztzentrum-holtenser-berg.de\\\/#\\\/schema\\\/logo\\\/image\\\/\"}}]}<\/script>\n<!-- \/ Yoast SEO plugin. -->","yoast_head_json":{"title":"Covid Impfungen - Hausarzt-Zentrum Holtenser Berg","robots":{"index":"index","follow":"follow","max-snippet":"max-snippet:-1","max-image-preview":"max-image-preview:large","max-video-preview":"max-video-preview:-1"},"canonical":"https:\/\/hausarztzentrum-holtenser-berg.de\/?page_id=318","og_locale":"de_DE","og_type":"article","og_title":"Covid Impfungen - Hausarzt-Zentrum Holtenser Berg","og_description":"Wie angek\u00fcndigt impfen wir ab November wieder gegen Covid-19. Bitte vereinbaren Sie mit unserem Team hierzu einen Termin.\u00a0 Die neuesten Impfempfehlungen der STIKO sehen vor, dass sich Patient:innen ab dem 60. Lebensjahr sowie chronisch Kranke impfen lassen sollten. Die Regelung, dass die letzte Covid-Impfung oder Covid-Infektion l\u00e4nger als 12 Monate [&hellip;]","og_url":"https:\/\/hausarztzentrum-holtenser-berg.de\/?page_id=318","og_site_name":"Hausarzt-Zentrum Holtenser Berg","article_modified_time":"2024-11-01T19:20:57+00:00","og_image":[{"url":"https:\/\/hausarztzentrum-holtenser-berg.de\/wp-content\/uploads\/2021\/12\/img_5930-768x1024.jpg","type":"","width":"","height":""}],"twitter_card":"summary_large_image","twitter_misc":{"Gesch\u00e4tzte Lesezeit":"1\u00a0Minute"},"schema":{"@context":"https:\/\/schema.org","@graph":[{"@type":"WebPage","@id":"https:\/\/hausarztzentrum-holtenser-berg.de\/?page_id=318","url":"https:\/\/hausarztzentrum-holtenser-berg.de\/?page_id=318","name":"Covid Impfungen - Hausarzt-Zentrum Holtenser Berg","isPartOf":{"@id":"https:\/\/hausarztzentrum-holtenser-berg.de\/#website"},"primaryImageOfPage":{"@id":"https:\/\/hausarztzentrum-holtenser-berg.de\/?page_id=318#primaryimage"},"image":{"@id":"https:\/\/hausarztzentrum-holtenser-berg.de\/?page_id=318#primaryimage"},"thumbnailUrl":"https:\/\/hausarztzentrum-holtenser-berg.de\/wp-content\/uploads\/2021\/12\/img_5930-768x1024.jpg","datePublished":"2022-09-23T10:55:00+00:00","dateModified":"2024-11-01T19:20:57+00:00","breadcrumb":{"@id":"https:\/\/hausarztzentrum-holtenser-berg.de\/?page_id=318#breadcrumb"},"inLanguage":"de","potentialAction":[{"@type":"ReadAction","target":["https:\/\/hausarztzentrum-holtenser-berg.de\/?page_id=318"]}]},{"@type":"ImageObject","inLanguage":"de","@id":"https:\/\/hausarztzentrum-holtenser-berg.de\/?page_id=318#primaryimage","url":"https:\/\/i0.wp.com\/hausarztzentrum-holtenser-berg.de\/wp-content\/uploads\/2021\/12\/img_5930-scaled.jpg?fit=1920%2C2560&ssl=1","contentUrl":"https:\/\/i0.wp.com\/hausarztzentrum-holtenser-berg.de\/wp-content\/uploads\/2021\/12\/img_5930-scaled.jpg?fit=1920%2C2560&ssl=1","width":1920,"height":2560},{"@type":"BreadcrumbList","@id":"https:\/\/hausarztzentrum-holtenser-berg.de\/?page_id=318#breadcrumb","itemListElement":[{"@type":"ListItem","position":1,"name":"Startseite","item":"https:\/\/hausarztzentrum-holtenser-berg.de\/?page_id=343"},{"@type":"ListItem","position":2,"name":"Covid Impfungen"}]},{"@type":"WebSite","@id":"https:\/\/hausarztzentrum-holtenser-berg.de\/#website","url":"https:\/\/hausarztzentrum-holtenser-berg.de\/","name":"Hausarzt-Zentrum Holtenser Berg","description":"Ihre Haus\u00e4rzte f\u00fcr die ganze Familie","publisher":{"@id":"https:\/\/hausarztzentrum-holtenser-berg.de\/#organization"},"potentialAction":[{"@type":"SearchAction","target":{"@type":"EntryPoint","urlTemplate":"https:\/\/hausarztzentrum-holtenser-berg.de\/?s={search_term_string}"},"query-input":{"@type":"PropertyValueSpecification","valueRequired":true,"valueName":"search_term_string"}}],"inLanguage":"de"},{"@type":"Organization","@id":"https:\/\/hausarztzentrum-holtenser-berg.de\/#organization","name":"Hausarztpraxis Holtenser Berg","url":"https:\/\/hausarztzentrum-holtenser-berg.de\/","logo":{"@type":"ImageObject","inLanguage":"de","@id":"https:\/\/hausarztzentrum-holtenser-berg.de\/#\/schema\/logo\/image\/","url":"https:\/\/i0.wp.com\/hausarztzentrum-holtenser-berg.de\/wp-content\/uploads\/2019\/07\/cropped-Logo_Fischer_1c_ohneText-2.png?fit=2369%2C1005&ssl=1","contentUrl":"https:\/\/i0.wp.com\/hausarztzentrum-holtenser-berg.de\/wp-content\/uploads\/2019\/07\/cropped-Logo_Fischer_1c_ohneText-2.png?fit=2369%2C1005&ssl=1","width":2369,"height":1005,"caption":"Hausarztpraxis Holtenser Berg"},"image":{"@id":"https:\/\/hausarztzentrum-holtenser-berg.de\/#\/schema\/logo\/image\/"}}]}},"jetpack_sharing_enabled":true,"_links":{"self":[{"href":"https:\/\/hausarztzentrum-holtenser-berg.de\/index.php?rest_route=\/wp\/v2\/pages\/318","targetHints":{"allow":["GET"]}}],"collection":[{"href":"https:\/\/hausarztzentrum-holtenser-berg.de\/index.php?rest_route=\/wp\/v2\/pages"}],"about":[{"href":"https:\/\/hausarztzentrum-holtenser-berg.de\/index.php?rest_route=\/wp\/v2\/types\/page"}],"author":[{"embeddable":true,"href":"https:\/\/hausarztzentrum-holtenser-berg.de\/index.php?rest_route=\/wp\/v2\/users\/1"}],"replies":[{"embeddable":true,"href":"https:\/\/hausarztzentrum-holtenser-berg.de\/index.php?rest_route=%2Fwp%2Fv2%2Fcomments&post=318"}],"version-history":[{"count":20,"href":"https:\/\/hausarztzentrum-holtenser-berg.de\/index.php?rest_route=\/wp\/v2\/pages\/318\/revisions"}],"predecessor-version":[{"id":549,"href":"https:\/\/hausarztzentrum-holtenser-berg.de\/index.php?rest_route=\/wp\/v2\/pages\/318\/revisions\/549"}],"wp:attachment":[{"href":"https:\/\/hausarztzentrum-holtenser-berg.de\/index.php?rest_route=%2Fwp%2Fv2%2Fmedia&parent=318"}],"curies":[{"name":"wp","href":"https:\/\/api.w.org\/{rel}","templated":true}]}}