{"id":260,"date":"2021-02-14T16:55:56","date_gmt":"2021-02-14T16:55:56","guid":{"rendered":"http:\/\/hausarztzentrum-holtenser-berg.de\/?page_id=260"},"modified":"2021-02-14T16:55:56","modified_gmt":"2021-02-14T16:55:56","slug":"dr-med-susanne-fischer","status":"publish","type":"page","link":"https:\/\/hausarztzentrum-holtenser-berg.de\/?page_id=260","title":{"rendered":"Dr. med. Susanne Fischer"},"content":{"rendered":"\n<p>Seit 2015 bin ich Fach\u00e4rztin f\u00fcr Allgemeinmedizin und teile mir die T\u00e4tigkeit in unserer Praxis mit meinem Mann.\u00a0Meine Schwerpunkte liegen in der Hausbesuchs-Betreuung von Patienten zu Hause und in Heimen. Ich bin\u00a0<strong>Palliativmedizinerin<\/strong>\u00a0und biete die palliative Versorgung von Patienten in ihrer h\u00e4uslichen Umgebung, aber auch im Hospiz an der Lutter und in Heimen an. Ich engagiere mich ehrenamtlich im Vorstand des Hospizes. Dar\u00fcber hinaus gilt mein Interesse der psychosomatischen Grundversorgung und stehe ihnen gerne f\u00fcr beratende Gespr\u00e4che zur Verf\u00fcgung. Ich bin sportmedizinisch interessiert, u.a. leite ich die sportmedizinische Kommission des Nieders\u00e4chsischen Karatebundes und arbeite als Wettkampf\u00e4rztin.<\/p>\n\n\n\n<figure class=\"wp-block-image size-large\"><img data-recalc-dims=\"1\" loading=\"lazy\" decoding=\"async\" width=\"640\" height=\"427\" src=\"https:\/\/i0.wp.com\/hausarztzentrum-holtenser-berg.de\/wp-content\/uploads\/2021\/02\/MG_0774.jpeg?resize=640%2C427&#038;ssl=1\" alt=\"\" class=\"wp-image-261\" srcset=\"https:\/\/i0.wp.com\/hausarztzentrum-holtenser-berg.de\/wp-content\/uploads\/2021\/02\/MG_0774.jpeg?w=640&amp;ssl=1 640w, https:\/\/i0.wp.com\/hausarztzentrum-holtenser-berg.de\/wp-content\/uploads\/2021\/02\/MG_0774.jpeg?resize=300%2C200&amp;ssl=1 300w\" sizes=\"auto, (max-width: 640px) 100vw, 640px\" \/><\/figure>\n","protected":false},"excerpt":{"rendered":"<p>Seit 2015 bin ich Fach\u00e4rztin f\u00fcr Allgemeinmedizin und teile mir die T\u00e4tigkeit in unserer Praxis mit meinem Mann.\u00a0Meine Schwerpunkte liegen in der Hausbesuchs-Betreuung von Patienten zu Hause und in Heimen. Ich bin\u00a0Palliativmedizinerin\u00a0und biete die palliative Versorgung von Patienten in ihrer h\u00e4uslichen Umgebung, aber auch im Hospiz an der Lutter und [&hellip;]<\/p>\n","protected":false},"author":1,"featured_media":0,"parent":0,"menu_order":0,"comment_status":"closed","ping_status":"closed","template":"","meta":{"footnotes":""},"class_list":["post-260","page","type-page","status-publish","hentry"],"yoast_head":"<!-- This site is optimized with the Yoast SEO plugin v27.4 - https:\/\/yoast.com\/product\/yoast-seo-wordpress\/ -->\n<title>Dr. med. Susanne Fischer - Hausarzt-Zentrum Holtenser Berg<\/title>\n<meta name=\"robots\" content=\"index, follow, max-snippet:-1, max-image-preview:large, max-video-preview:-1\" \/>\n<link rel=\"canonical\" href=\"https:\/\/hausarztzentrum-holtenser-berg.de\/?page_id=260\" \/>\n<meta property=\"og:locale\" content=\"de_DE\" \/>\n<meta property=\"og:type\" content=\"article\" \/>\n<meta property=\"og:title\" content=\"Dr. med. Susanne Fischer - Hausarzt-Zentrum Holtenser Berg\" \/>\n<meta property=\"og:description\" content=\"Seit 2015 bin ich Fach\u00e4rztin f\u00fcr Allgemeinmedizin und teile mir die T\u00e4tigkeit in unserer Praxis mit meinem Mann.\u00a0Meine Schwerpunkte liegen in der Hausbesuchs-Betreuung von Patienten zu Hause und in Heimen. Ich bin\u00a0Palliativmedizinerin\u00a0und biete die palliative Versorgung von Patienten in ihrer h\u00e4uslichen Umgebung, aber auch im Hospiz an der Lutter und [&hellip;]\" \/>\n<meta property=\"og:url\" content=\"https:\/\/hausarztzentrum-holtenser-berg.de\/?page_id=260\" \/>\n<meta property=\"og:site_name\" content=\"Hausarzt-Zentrum Holtenser Berg\" \/>\n<meta property=\"og:image\" content=\"http:\/\/hausarztzentrum-holtenser-berg.de\/wp-content\/uploads\/2021\/02\/MG_0774.jpeg\" \/>\n<meta name=\"twitter:card\" content=\"summary_large_image\" \/>\n<meta name=\"twitter:label1\" content=\"Gesch\u00e4tzte Lesezeit\" \/>\n\t<meta name=\"twitter:data1\" content=\"1\u00a0Minute\" \/>\n<script type=\"application\/ld+json\" class=\"yoast-schema-graph\">{\"@context\":\"https:\\\/\\\/schema.org\",\"@graph\":[{\"@type\":\"WebPage\",\"@id\":\"https:\\\/\\\/hausarztzentrum-holtenser-berg.de\\\/?page_id=260\",\"url\":\"https:\\\/\\\/hausarztzentrum-holtenser-berg.de\\\/?page_id=260\",\"name\":\"Dr. med. Susanne Fischer - Hausarzt-Zentrum Holtenser Berg\",\"isPartOf\":{\"@id\":\"https:\\\/\\\/hausarztzentrum-holtenser-berg.de\\\/#website\"},\"primaryImageOfPage\":{\"@id\":\"https:\\\/\\\/hausarztzentrum-holtenser-berg.de\\\/?page_id=260#primaryimage\"},\"image\":{\"@id\":\"https:\\\/\\\/hausarztzentrum-holtenser-berg.de\\\/?page_id=260#primaryimage\"},\"thumbnailUrl\":\"http:\\\/\\\/hausarztzentrum-holtenser-berg.de\\\/wp-content\\\/uploads\\\/2021\\\/02\\\/MG_0774.jpeg\",\"datePublished\":\"2021-02-14T16:55:56+00:00\",\"breadcrumb\":{\"@id\":\"https:\\\/\\\/hausarztzentrum-holtenser-berg.de\\\/?page_id=260#breadcrumb\"},\"inLanguage\":\"de\",\"potentialAction\":[{\"@type\":\"ReadAction\",\"target\":[\"https:\\\/\\\/hausarztzentrum-holtenser-berg.de\\\/?page_id=260\"]}]},{\"@type\":\"ImageObject\",\"inLanguage\":\"de\",\"@id\":\"https:\\\/\\\/hausarztzentrum-holtenser-berg.de\\\/?page_id=260#primaryimage\",\"url\":\"http:\\\/\\\/hausarztzentrum-holtenser-berg.de\\\/wp-content\\\/uploads\\\/2021\\\/02\\\/MG_0774.jpeg\",\"contentUrl\":\"http:\\\/\\\/hausarztzentrum-holtenser-berg.de\\\/wp-content\\\/uploads\\\/2021\\\/02\\\/MG_0774.jpeg\"},{\"@type\":\"BreadcrumbList\",\"@id\":\"https:\\\/\\\/hausarztzentrum-holtenser-berg.de\\\/?page_id=260#breadcrumb\",\"itemListElement\":[{\"@type\":\"ListItem\",\"position\":1,\"name\":\"Startseite\",\"item\":\"https:\\\/\\\/hausarztzentrum-holtenser-berg.de\\\/?page_id=343\"},{\"@type\":\"ListItem\",\"position\":2,\"name\":\"Dr. med. Susanne Fischer\"}]},{\"@type\":\"WebSite\",\"@id\":\"https:\\\/\\\/hausarztzentrum-holtenser-berg.de\\\/#website\",\"url\":\"https:\\\/\\\/hausarztzentrum-holtenser-berg.de\\\/\",\"name\":\"Hausarzt-Zentrum Holtenser Berg\",\"description\":\"Ihre Haus\u00e4rzte f\u00fcr die ganze Familie\",\"publisher\":{\"@id\":\"https:\\\/\\\/hausarztzentrum-holtenser-berg.de\\\/#organization\"},\"potentialAction\":[{\"@type\":\"SearchAction\",\"target\":{\"@type\":\"EntryPoint\",\"urlTemplate\":\"https:\\\/\\\/hausarztzentrum-holtenser-berg.de\\\/?s={search_term_string}\"},\"query-input\":{\"@type\":\"PropertyValueSpecification\",\"valueRequired\":true,\"valueName\":\"search_term_string\"}}],\"inLanguage\":\"de\"},{\"@type\":\"Organization\",\"@id\":\"https:\\\/\\\/hausarztzentrum-holtenser-berg.de\\\/#organization\",\"name\":\"Hausarztpraxis Holtenser Berg\",\"url\":\"https:\\\/\\\/hausarztzentrum-holtenser-berg.de\\\/\",\"logo\":{\"@type\":\"ImageObject\",\"inLanguage\":\"de\",\"@id\":\"https:\\\/\\\/hausarztzentrum-holtenser-berg.de\\\/#\\\/schema\\\/logo\\\/image\\\/\",\"url\":\"https:\\\/\\\/i0.wp.com\\\/hausarztzentrum-holtenser-berg.de\\\/wp-content\\\/uploads\\\/2019\\\/07\\\/cropped-Logo_Fischer_1c_ohneText-2.png?fit=2369%2C1005&ssl=1\",\"contentUrl\":\"https:\\\/\\\/i0.wp.com\\\/hausarztzentrum-holtenser-berg.de\\\/wp-content\\\/uploads\\\/2019\\\/07\\\/cropped-Logo_Fischer_1c_ohneText-2.png?fit=2369%2C1005&ssl=1\",\"width\":2369,\"height\":1005,\"caption\":\"Hausarztpraxis Holtenser Berg\"},\"image\":{\"@id\":\"https:\\\/\\\/hausarztzentrum-holtenser-berg.de\\\/#\\\/schema\\\/logo\\\/image\\\/\"}}]}<\/script>\n<!-- \/ Yoast SEO plugin. -->","yoast_head_json":{"title":"Dr. med. Susanne Fischer - Hausarzt-Zentrum Holtenser Berg","robots":{"index":"index","follow":"follow","max-snippet":"max-snippet:-1","max-image-preview":"max-image-preview:large","max-video-preview":"max-video-preview:-1"},"canonical":"https:\/\/hausarztzentrum-holtenser-berg.de\/?page_id=260","og_locale":"de_DE","og_type":"article","og_title":"Dr. med. Susanne Fischer - Hausarzt-Zentrum Holtenser Berg","og_description":"Seit 2015 bin ich Fach\u00e4rztin f\u00fcr Allgemeinmedizin und teile mir die T\u00e4tigkeit in unserer Praxis mit meinem Mann.\u00a0Meine Schwerpunkte liegen in der Hausbesuchs-Betreuung von Patienten zu Hause und in Heimen. Ich bin\u00a0Palliativmedizinerin\u00a0und biete die palliative Versorgung von Patienten in ihrer h\u00e4uslichen Umgebung, aber auch im Hospiz an der Lutter und [&hellip;]","og_url":"https:\/\/hausarztzentrum-holtenser-berg.de\/?page_id=260","og_site_name":"Hausarzt-Zentrum Holtenser Berg","og_image":[{"url":"http:\/\/hausarztzentrum-holtenser-berg.de\/wp-content\/uploads\/2021\/02\/MG_0774.jpeg","type":"","width":"","height":""}],"twitter_card":"summary_large_image","twitter_misc":{"Gesch\u00e4tzte Lesezeit":"1\u00a0Minute"},"schema":{"@context":"https:\/\/schema.org","@graph":[{"@type":"WebPage","@id":"https:\/\/hausarztzentrum-holtenser-berg.de\/?page_id=260","url":"https:\/\/hausarztzentrum-holtenser-berg.de\/?page_id=260","name":"Dr. med. Susanne Fischer - Hausarzt-Zentrum Holtenser Berg","isPartOf":{"@id":"https:\/\/hausarztzentrum-holtenser-berg.de\/#website"},"primaryImageOfPage":{"@id":"https:\/\/hausarztzentrum-holtenser-berg.de\/?page_id=260#primaryimage"},"image":{"@id":"https:\/\/hausarztzentrum-holtenser-berg.de\/?page_id=260#primaryimage"},"thumbnailUrl":"http:\/\/hausarztzentrum-holtenser-berg.de\/wp-content\/uploads\/2021\/02\/MG_0774.jpeg","datePublished":"2021-02-14T16:55:56+00:00","breadcrumb":{"@id":"https:\/\/hausarztzentrum-holtenser-berg.de\/?page_id=260#breadcrumb"},"inLanguage":"de","potentialAction":[{"@type":"ReadAction","target":["https:\/\/hausarztzentrum-holtenser-berg.de\/?page_id=260"]}]},{"@type":"ImageObject","inLanguage":"de","@id":"https:\/\/hausarztzentrum-holtenser-berg.de\/?page_id=260#primaryimage","url":"http:\/\/hausarztzentrum-holtenser-berg.de\/wp-content\/uploads\/2021\/02\/MG_0774.jpeg","contentUrl":"http:\/\/hausarztzentrum-holtenser-berg.de\/wp-content\/uploads\/2021\/02\/MG_0774.jpeg"},{"@type":"BreadcrumbList","@id":"https:\/\/hausarztzentrum-holtenser-berg.de\/?page_id=260#breadcrumb","itemListElement":[{"@type":"ListItem","position":1,"name":"Startseite","item":"https:\/\/hausarztzentrum-holtenser-berg.de\/?page_id=343"},{"@type":"ListItem","position":2,"name":"Dr. med. Susanne Fischer"}]},{"@type":"WebSite","@id":"https:\/\/hausarztzentrum-holtenser-berg.de\/#website","url":"https:\/\/hausarztzentrum-holtenser-berg.de\/","name":"Hausarzt-Zentrum Holtenser Berg","description":"Ihre Haus\u00e4rzte f\u00fcr die ganze Familie","publisher":{"@id":"https:\/\/hausarztzentrum-holtenser-berg.de\/#organization"},"potentialAction":[{"@type":"SearchAction","target":{"@type":"EntryPoint","urlTemplate":"https:\/\/hausarztzentrum-holtenser-berg.de\/?s={search_term_string}"},"query-input":{"@type":"PropertyValueSpecification","valueRequired":true,"valueName":"search_term_string"}}],"inLanguage":"de"},{"@type":"Organization","@id":"https:\/\/hausarztzentrum-holtenser-berg.de\/#organization","name":"Hausarztpraxis Holtenser Berg","url":"https:\/\/hausarztzentrum-holtenser-berg.de\/","logo":{"@type":"ImageObject","inLanguage":"de","@id":"https:\/\/hausarztzentrum-holtenser-berg.de\/#\/schema\/logo\/image\/","url":"https:\/\/i0.wp.com\/hausarztzentrum-holtenser-berg.de\/wp-content\/uploads\/2019\/07\/cropped-Logo_Fischer_1c_ohneText-2.png?fit=2369%2C1005&ssl=1","contentUrl":"https:\/\/i0.wp.com\/hausarztzentrum-holtenser-berg.de\/wp-content\/uploads\/2019\/07\/cropped-Logo_Fischer_1c_ohneText-2.png?fit=2369%2C1005&ssl=1","width":2369,"height":1005,"caption":"Hausarztpraxis Holtenser Berg"},"image":{"@id":"https:\/\/hausarztzentrum-holtenser-berg.de\/#\/schema\/logo\/image\/"}}]}},"jetpack_sharing_enabled":true,"_links":{"self":[{"href":"https:\/\/hausarztzentrum-holtenser-berg.de\/index.php?rest_route=\/wp\/v2\/pages\/260","targetHints":{"allow":["GET"]}}],"collection":[{"href":"https:\/\/hausarztzentrum-holtenser-berg.de\/index.php?rest_route=\/wp\/v2\/pages"}],"about":[{"href":"https:\/\/hausarztzentrum-holtenser-berg.de\/index.php?rest_route=\/wp\/v2\/types\/page"}],"author":[{"embeddable":true,"href":"https:\/\/hausarztzentrum-holtenser-berg.de\/index.php?rest_route=\/wp\/v2\/users\/1"}],"replies":[{"embeddable":true,"href":"https:\/\/hausarztzentrum-holtenser-berg.de\/index.php?rest_route=%2Fwp%2Fv2%2Fcomments&post=260"}],"version-history":[{"count":1,"href":"https:\/\/hausarztzentrum-holtenser-berg.de\/index.php?rest_route=\/wp\/v2\/pages\/260\/revisions"}],"predecessor-version":[{"id":262,"href":"https:\/\/hausarztzentrum-holtenser-berg.de\/index.php?rest_route=\/wp\/v2\/pages\/260\/revisions\/262"}],"wp:attachment":[{"href":"https:\/\/hausarztzentrum-holtenser-berg.de\/index.php?rest_route=%2Fwp%2Fv2%2Fmedia&parent=260"}],"curies":[{"name":"wp","href":"https:\/\/api.w.org\/{rel}","templated":true}]}}