{"id":256,"date":"2021-02-14T16:54:27","date_gmt":"2021-02-14T16:54:27","guid":{"rendered":"http:\/\/hausarztzentrum-holtenser-berg.de\/?page_id=256"},"modified":"2021-02-14T16:54:27","modified_gmt":"2021-02-14T16:54:27","slug":"dr-med-thomas-fischer","status":"publish","type":"page","link":"https:\/\/hausarztzentrum-holtenser-berg.de\/?page_id=256","title":{"rendered":"Dr. med. Thomas Fischer"},"content":{"rendered":"\n<p>Seit 2003 bin ich Facharzt f\u00fcr Allgemeinmedizin mit den Zusatzqualifikationen f\u00fcr Notfallmedizin und Venenheilkunde. Nach mehrj\u00e4hriger T\u00e4tigkeit in der Abteilung Allgemeinmedizin der Universit\u00e4t G\u00f6ttingen, zuletzt als Oberarzt, habe ich 2005 eine allgemeinmedizinische Praxis auf dem Holtenser Berg \u00fcbernommen, die zuk\u00fcnftig als \u00fcber\u00f6rtliche Gemeinschaftspraxis unter gemeinsamer Leitung mit meiner Frau weitergef\u00fchrt wird. Eine \u00dcberblick \u00fcber meine wissenschaftlichen Ver\u00f6ffentlichungen finden sie\u00a0<a href=\"https:\/\/www.researchgate.net\/profile\/Thomas_Fischer5?page=1&amp;sorting=citationCount\"><strong><u>hier<\/u><\/strong><\/a>.<\/p>\n\n\n\n<figure class=\"wp-block-image size-large\"><img data-recalc-dims=\"1\" loading=\"lazy\" decoding=\"async\" width=\"640\" height=\"427\" src=\"https:\/\/i0.wp.com\/hausarztzentrum-holtenser-berg.de\/wp-content\/uploads\/2021\/02\/MG_0944.jpeg?resize=640%2C427&#038;ssl=1\" alt=\"\" class=\"wp-image-254\" srcset=\"https:\/\/i0.wp.com\/hausarztzentrum-holtenser-berg.de\/wp-content\/uploads\/2021\/02\/MG_0944.jpeg?w=640&amp;ssl=1 640w, https:\/\/i0.wp.com\/hausarztzentrum-holtenser-berg.de\/wp-content\/uploads\/2021\/02\/MG_0944.jpeg?resize=300%2C200&amp;ssl=1 300w\" sizes=\"auto, (max-width: 640px) 100vw, 640px\" \/><\/figure>\n\n\n\n<p>In meiner T\u00e4tigkeit in der Innere Medizin der Universit\u00e4tsklinik habe ich u.a. die Infektionsstation und die HIV-Ambulanz geleitet und war mehrere Jahre in der Diabetesambulanz f\u00fcr Typ 2 Diabetiker zust\u00e4ndig. Meine Schwerpunkte sind u.a. die Behandlung von Diabetes, Bluthochdruck, Schilddr\u00fcsen- und Gef\u00e4\u00dfkrankheiten. Ich lege gro\u00dfen Wert auf pr\u00e4ventive Medizin und stehe ihnen gerne f\u00fcr eine ausf\u00fchrliche Gesundheitsuntersuchung und -beratung zur Verf\u00fcgung, die Ihnen auf Kosten Ihrer Kasse derzeit alle 3 Jahre zusteht. Bei der Therapie bevorzuge ich einen ganzheitlichen Ansatz und setze u.a. Verfahren der Akupunktur und nichtmedikament\u00f6se Pr\u00e4parate ein. Nicht alles muss gleich mit einem Medikament behandelt werden!<\/p>\n\n\n\n<p>Zus\u00e4tzlich engagiere ich mich als Lehrbeauftragter f\u00fcr Allgemeinmedizin an der Universit\u00e4tsklinik f\u00fcr die Ausbildung des haus\u00e4rztlichen Nachwuchses.<\/p>\n","protected":false},"excerpt":{"rendered":"<p>Seit 2003 bin ich Facharzt f\u00fcr Allgemeinmedizin mit den Zusatzqualifikationen f\u00fcr Notfallmedizin und Venenheilkunde. Nach mehrj\u00e4hriger T\u00e4tigkeit in der Abteilung Allgemeinmedizin der Universit\u00e4t G\u00f6ttingen, zuletzt als Oberarzt, habe ich 2005 eine allgemeinmedizinische Praxis auf dem Holtenser Berg \u00fcbernommen, die zuk\u00fcnftig als \u00fcber\u00f6rtliche Gemeinschaftspraxis unter gemeinsamer Leitung mit meiner Frau weitergef\u00fchrt [&hellip;]<\/p>\n","protected":false},"author":1,"featured_media":0,"parent":0,"menu_order":0,"comment_status":"closed","ping_status":"closed","template":"","meta":{"footnotes":""},"class_list":["post-256","page","type-page","status-publish","hentry"],"yoast_head":"<!-- This site is optimized with the Yoast SEO plugin v27.4 - https:\/\/yoast.com\/product\/yoast-seo-wordpress\/ -->\n<title>Dr. med. Thomas Fischer - Hausarzt-Zentrum Holtenser Berg<\/title>\n<meta name=\"robots\" content=\"index, follow, max-snippet:-1, max-image-preview:large, max-video-preview:-1\" \/>\n<link rel=\"canonical\" href=\"https:\/\/hausarztzentrum-holtenser-berg.de\/?page_id=256\" \/>\n<meta property=\"og:locale\" content=\"de_DE\" \/>\n<meta property=\"og:type\" content=\"article\" \/>\n<meta property=\"og:title\" content=\"Dr. med. Thomas Fischer - Hausarzt-Zentrum Holtenser Berg\" \/>\n<meta property=\"og:description\" content=\"Seit 2003 bin ich Facharzt f\u00fcr Allgemeinmedizin mit den Zusatzqualifikationen f\u00fcr Notfallmedizin und Venenheilkunde. Nach mehrj\u00e4hriger T\u00e4tigkeit in der Abteilung Allgemeinmedizin der Universit\u00e4t G\u00f6ttingen, zuletzt als Oberarzt, habe ich 2005 eine allgemeinmedizinische Praxis auf dem Holtenser Berg \u00fcbernommen, die zuk\u00fcnftig als \u00fcber\u00f6rtliche Gemeinschaftspraxis unter gemeinsamer Leitung mit meiner Frau weitergef\u00fchrt [&hellip;]\" \/>\n<meta property=\"og:url\" content=\"https:\/\/hausarztzentrum-holtenser-berg.de\/?page_id=256\" \/>\n<meta property=\"og:site_name\" content=\"Hausarzt-Zentrum Holtenser Berg\" \/>\n<meta property=\"og:image\" content=\"http:\/\/hausarztzentrum-holtenser-berg.de\/wp-content\/uploads\/2021\/02\/MG_0944.jpeg\" \/>\n<meta name=\"twitter:card\" content=\"summary_large_image\" \/>\n<meta name=\"twitter:label1\" content=\"Gesch\u00e4tzte Lesezeit\" \/>\n\t<meta name=\"twitter:data1\" content=\"1\u00a0Minute\" \/>\n<script type=\"application\/ld+json\" class=\"yoast-schema-graph\">{\"@context\":\"https:\\\/\\\/schema.org\",\"@graph\":[{\"@type\":\"WebPage\",\"@id\":\"https:\\\/\\\/hausarztzentrum-holtenser-berg.de\\\/?page_id=256\",\"url\":\"https:\\\/\\\/hausarztzentrum-holtenser-berg.de\\\/?page_id=256\",\"name\":\"Dr. med. Thomas Fischer - Hausarzt-Zentrum Holtenser Berg\",\"isPartOf\":{\"@id\":\"https:\\\/\\\/hausarztzentrum-holtenser-berg.de\\\/#website\"},\"primaryImageOfPage\":{\"@id\":\"https:\\\/\\\/hausarztzentrum-holtenser-berg.de\\\/?page_id=256#primaryimage\"},\"image\":{\"@id\":\"https:\\\/\\\/hausarztzentrum-holtenser-berg.de\\\/?page_id=256#primaryimage\"},\"thumbnailUrl\":\"http:\\\/\\\/hausarztzentrum-holtenser-berg.de\\\/wp-content\\\/uploads\\\/2021\\\/02\\\/MG_0944.jpeg\",\"datePublished\":\"2021-02-14T16:54:27+00:00\",\"breadcrumb\":{\"@id\":\"https:\\\/\\\/hausarztzentrum-holtenser-berg.de\\\/?page_id=256#breadcrumb\"},\"inLanguage\":\"de\",\"potentialAction\":[{\"@type\":\"ReadAction\",\"target\":[\"https:\\\/\\\/hausarztzentrum-holtenser-berg.de\\\/?page_id=256\"]}]},{\"@type\":\"ImageObject\",\"inLanguage\":\"de\",\"@id\":\"https:\\\/\\\/hausarztzentrum-holtenser-berg.de\\\/?page_id=256#primaryimage\",\"url\":\"http:\\\/\\\/hausarztzentrum-holtenser-berg.de\\\/wp-content\\\/uploads\\\/2021\\\/02\\\/MG_0944.jpeg\",\"contentUrl\":\"http:\\\/\\\/hausarztzentrum-holtenser-berg.de\\\/wp-content\\\/uploads\\\/2021\\\/02\\\/MG_0944.jpeg\"},{\"@type\":\"BreadcrumbList\",\"@id\":\"https:\\\/\\\/hausarztzentrum-holtenser-berg.de\\\/?page_id=256#breadcrumb\",\"itemListElement\":[{\"@type\":\"ListItem\",\"position\":1,\"name\":\"Startseite\",\"item\":\"https:\\\/\\\/hausarztzentrum-holtenser-berg.de\\\/?page_id=343\"},{\"@type\":\"ListItem\",\"position\":2,\"name\":\"Dr. med. Thomas Fischer\"}]},{\"@type\":\"WebSite\",\"@id\":\"https:\\\/\\\/hausarztzentrum-holtenser-berg.de\\\/#website\",\"url\":\"https:\\\/\\\/hausarztzentrum-holtenser-berg.de\\\/\",\"name\":\"Hausarzt-Zentrum Holtenser Berg\",\"description\":\"Ihre Haus\u00e4rzte f\u00fcr die ganze Familie\",\"publisher\":{\"@id\":\"https:\\\/\\\/hausarztzentrum-holtenser-berg.de\\\/#organization\"},\"potentialAction\":[{\"@type\":\"SearchAction\",\"target\":{\"@type\":\"EntryPoint\",\"urlTemplate\":\"https:\\\/\\\/hausarztzentrum-holtenser-berg.de\\\/?s={search_term_string}\"},\"query-input\":{\"@type\":\"PropertyValueSpecification\",\"valueRequired\":true,\"valueName\":\"search_term_string\"}}],\"inLanguage\":\"de\"},{\"@type\":\"Organization\",\"@id\":\"https:\\\/\\\/hausarztzentrum-holtenser-berg.de\\\/#organization\",\"name\":\"Hausarztpraxis Holtenser Berg\",\"url\":\"https:\\\/\\\/hausarztzentrum-holtenser-berg.de\\\/\",\"logo\":{\"@type\":\"ImageObject\",\"inLanguage\":\"de\",\"@id\":\"https:\\\/\\\/hausarztzentrum-holtenser-berg.de\\\/#\\\/schema\\\/logo\\\/image\\\/\",\"url\":\"https:\\\/\\\/i0.wp.com\\\/hausarztzentrum-holtenser-berg.de\\\/wp-content\\\/uploads\\\/2019\\\/07\\\/cropped-Logo_Fischer_1c_ohneText-2.png?fit=2369%2C1005&ssl=1\",\"contentUrl\":\"https:\\\/\\\/i0.wp.com\\\/hausarztzentrum-holtenser-berg.de\\\/wp-content\\\/uploads\\\/2019\\\/07\\\/cropped-Logo_Fischer_1c_ohneText-2.png?fit=2369%2C1005&ssl=1\",\"width\":2369,\"height\":1005,\"caption\":\"Hausarztpraxis Holtenser Berg\"},\"image\":{\"@id\":\"https:\\\/\\\/hausarztzentrum-holtenser-berg.de\\\/#\\\/schema\\\/logo\\\/image\\\/\"}}]}<\/script>\n<!-- \/ Yoast SEO plugin. -->","yoast_head_json":{"title":"Dr. med. Thomas Fischer - Hausarzt-Zentrum Holtenser Berg","robots":{"index":"index","follow":"follow","max-snippet":"max-snippet:-1","max-image-preview":"max-image-preview:large","max-video-preview":"max-video-preview:-1"},"canonical":"https:\/\/hausarztzentrum-holtenser-berg.de\/?page_id=256","og_locale":"de_DE","og_type":"article","og_title":"Dr. med. Thomas Fischer - Hausarzt-Zentrum Holtenser Berg","og_description":"Seit 2003 bin ich Facharzt f\u00fcr Allgemeinmedizin mit den Zusatzqualifikationen f\u00fcr Notfallmedizin und Venenheilkunde. Nach mehrj\u00e4hriger T\u00e4tigkeit in der Abteilung Allgemeinmedizin der Universit\u00e4t G\u00f6ttingen, zuletzt als Oberarzt, habe ich 2005 eine allgemeinmedizinische Praxis auf dem Holtenser Berg \u00fcbernommen, die zuk\u00fcnftig als \u00fcber\u00f6rtliche Gemeinschaftspraxis unter gemeinsamer Leitung mit meiner Frau weitergef\u00fchrt [&hellip;]","og_url":"https:\/\/hausarztzentrum-holtenser-berg.de\/?page_id=256","og_site_name":"Hausarzt-Zentrum Holtenser Berg","og_image":[{"url":"http:\/\/hausarztzentrum-holtenser-berg.de\/wp-content\/uploads\/2021\/02\/MG_0944.jpeg","type":"","width":"","height":""}],"twitter_card":"summary_large_image","twitter_misc":{"Gesch\u00e4tzte Lesezeit":"1\u00a0Minute"},"schema":{"@context":"https:\/\/schema.org","@graph":[{"@type":"WebPage","@id":"https:\/\/hausarztzentrum-holtenser-berg.de\/?page_id=256","url":"https:\/\/hausarztzentrum-holtenser-berg.de\/?page_id=256","name":"Dr. med. Thomas Fischer - Hausarzt-Zentrum Holtenser Berg","isPartOf":{"@id":"https:\/\/hausarztzentrum-holtenser-berg.de\/#website"},"primaryImageOfPage":{"@id":"https:\/\/hausarztzentrum-holtenser-berg.de\/?page_id=256#primaryimage"},"image":{"@id":"https:\/\/hausarztzentrum-holtenser-berg.de\/?page_id=256#primaryimage"},"thumbnailUrl":"http:\/\/hausarztzentrum-holtenser-berg.de\/wp-content\/uploads\/2021\/02\/MG_0944.jpeg","datePublished":"2021-02-14T16:54:27+00:00","breadcrumb":{"@id":"https:\/\/hausarztzentrum-holtenser-berg.de\/?page_id=256#breadcrumb"},"inLanguage":"de","potentialAction":[{"@type":"ReadAction","target":["https:\/\/hausarztzentrum-holtenser-berg.de\/?page_id=256"]}]},{"@type":"ImageObject","inLanguage":"de","@id":"https:\/\/hausarztzentrum-holtenser-berg.de\/?page_id=256#primaryimage","url":"http:\/\/hausarztzentrum-holtenser-berg.de\/wp-content\/uploads\/2021\/02\/MG_0944.jpeg","contentUrl":"http:\/\/hausarztzentrum-holtenser-berg.de\/wp-content\/uploads\/2021\/02\/MG_0944.jpeg"},{"@type":"BreadcrumbList","@id":"https:\/\/hausarztzentrum-holtenser-berg.de\/?page_id=256#breadcrumb","itemListElement":[{"@type":"ListItem","position":1,"name":"Startseite","item":"https:\/\/hausarztzentrum-holtenser-berg.de\/?page_id=343"},{"@type":"ListItem","position":2,"name":"Dr. med. Thomas Fischer"}]},{"@type":"WebSite","@id":"https:\/\/hausarztzentrum-holtenser-berg.de\/#website","url":"https:\/\/hausarztzentrum-holtenser-berg.de\/","name":"Hausarzt-Zentrum Holtenser Berg","description":"Ihre Haus\u00e4rzte f\u00fcr die ganze Familie","publisher":{"@id":"https:\/\/hausarztzentrum-holtenser-berg.de\/#organization"},"potentialAction":[{"@type":"SearchAction","target":{"@type":"EntryPoint","urlTemplate":"https:\/\/hausarztzentrum-holtenser-berg.de\/?s={search_term_string}"},"query-input":{"@type":"PropertyValueSpecification","valueRequired":true,"valueName":"search_term_string"}}],"inLanguage":"de"},{"@type":"Organization","@id":"https:\/\/hausarztzentrum-holtenser-berg.de\/#organization","name":"Hausarztpraxis Holtenser Berg","url":"https:\/\/hausarztzentrum-holtenser-berg.de\/","logo":{"@type":"ImageObject","inLanguage":"de","@id":"https:\/\/hausarztzentrum-holtenser-berg.de\/#\/schema\/logo\/image\/","url":"https:\/\/i0.wp.com\/hausarztzentrum-holtenser-berg.de\/wp-content\/uploads\/2019\/07\/cropped-Logo_Fischer_1c_ohneText-2.png?fit=2369%2C1005&ssl=1","contentUrl":"https:\/\/i0.wp.com\/hausarztzentrum-holtenser-berg.de\/wp-content\/uploads\/2019\/07\/cropped-Logo_Fischer_1c_ohneText-2.png?fit=2369%2C1005&ssl=1","width":2369,"height":1005,"caption":"Hausarztpraxis Holtenser Berg"},"image":{"@id":"https:\/\/hausarztzentrum-holtenser-berg.de\/#\/schema\/logo\/image\/"}}]}},"jetpack_sharing_enabled":true,"_links":{"self":[{"href":"https:\/\/hausarztzentrum-holtenser-berg.de\/index.php?rest_route=\/wp\/v2\/pages\/256","targetHints":{"allow":["GET"]}}],"collection":[{"href":"https:\/\/hausarztzentrum-holtenser-berg.de\/index.php?rest_route=\/wp\/v2\/pages"}],"about":[{"href":"https:\/\/hausarztzentrum-holtenser-berg.de\/index.php?rest_route=\/wp\/v2\/types\/page"}],"author":[{"embeddable":true,"href":"https:\/\/hausarztzentrum-holtenser-berg.de\/index.php?rest_route=\/wp\/v2\/users\/1"}],"replies":[{"embeddable":true,"href":"https:\/\/hausarztzentrum-holtenser-berg.de\/index.php?rest_route=%2Fwp%2Fv2%2Fcomments&post=256"}],"version-history":[{"count":1,"href":"https:\/\/hausarztzentrum-holtenser-berg.de\/index.php?rest_route=\/wp\/v2\/pages\/256\/revisions"}],"predecessor-version":[{"id":259,"href":"https:\/\/hausarztzentrum-holtenser-berg.de\/index.php?rest_route=\/wp\/v2\/pages\/256\/revisions\/259"}],"wp:attachment":[{"href":"https:\/\/hausarztzentrum-holtenser-berg.de\/index.php?rest_route=%2Fwp%2Fv2%2Fmedia&parent=256"}],"curies":[{"name":"wp","href":"https:\/\/api.w.org\/{rel}","templated":true}]}}