{"id":24,"date":"2019-07-05T18:59:13","date_gmt":"2019-07-05T18:59:13","guid":{"rendered":"http:\/\/hausarztzentrum-holtenser-berg.de\/?page_id=24"},"modified":"2019-07-05T18:59:13","modified_gmt":"2019-07-05T18:59:13","slug":"dmp","status":"publish","type":"page","link":"https:\/\/hausarztzentrum-holtenser-berg.de\/?page_id=24","title":{"rendered":"DMP"},"content":{"rendered":"\n<p>DMP bedeutet eine strukturierte Versorgung chronisch kranker Patienten. Es handelt sich hierbei um vorgegebene Programme, die von Krankenkassen angeboten werden. Derzeit nimmt unsere Praxis an folgenden Programmen teil:<\/p>\n\n\n\n<ul class=\"wp-block-list\"><li>COPD<\/li><li>Diabetes mellitus<\/li><li>KHK<\/li><\/ul>\n\n\n\n<p>Studien konnten wiederholt zeigen, dass derartige strukturierte Behandlungsprogramme zu besseren Behandlungsergebnisse f\u00fchren. Daher raten wir Patienten mit o.g. Krankheiten zur Teilnahme. Die Vorgabe von Inhalten und Kontrollintervallen f\u00fchrt dazu, dass mehr Patienten zu notwendigen Kontrollen gehen und notwendige Medikamente regelm\u00e4\u00dfiger genommen werden.<\/p>\n\n\n\n<p>Konkret werden regelm\u00e4\u00dfig Laborkontrollen durchgef\u00fchrt, der Blutdruck \u00fcberpr\u00fcft, gewogen, k\u00f6rperlich untersucht und die aktuelle Lebensqualit\u00e4t mit Frageb\u00f6gen ermittelt. Gemeinsam besprechen wir dann die Ergebnisse und versuchen ein Optimum an Versorgung f\u00fcr Sie zu erzielen.<\/p>\n","protected":false},"excerpt":{"rendered":"<p>DMP bedeutet eine strukturierte Versorgung chronisch kranker Patienten. Es handelt sich hierbei um vorgegebene Programme, die von Krankenkassen angeboten werden. Derzeit nimmt unsere Praxis an folgenden Programmen teil: COPD Diabetes mellitus KHK Studien konnten wiederholt zeigen, dass derartige strukturierte Behandlungsprogramme zu besseren Behandlungsergebnisse f\u00fchren. Daher raten wir Patienten mit o.g. [&hellip;]<\/p>\n","protected":false},"author":1,"featured_media":0,"parent":0,"menu_order":0,"comment_status":"closed","ping_status":"closed","template":"","meta":{"footnotes":""},"class_list":["post-24","page","type-page","status-publish","hentry"],"yoast_head":"<!-- This site is optimized with the Yoast SEO plugin v27.4 - https:\/\/yoast.com\/product\/yoast-seo-wordpress\/ -->\n<title>DMP - Hausarzt-Zentrum Holtenser Berg<\/title>\n<meta name=\"robots\" content=\"index, follow, max-snippet:-1, max-image-preview:large, max-video-preview:-1\" \/>\n<link rel=\"canonical\" href=\"https:\/\/hausarztzentrum-holtenser-berg.de\/?page_id=24\" \/>\n<meta property=\"og:locale\" content=\"de_DE\" \/>\n<meta property=\"og:type\" content=\"article\" \/>\n<meta property=\"og:title\" content=\"DMP - Hausarzt-Zentrum Holtenser Berg\" \/>\n<meta property=\"og:description\" content=\"DMP bedeutet eine strukturierte Versorgung chronisch kranker Patienten. Es handelt sich hierbei um vorgegebene Programme, die von Krankenkassen angeboten werden. Derzeit nimmt unsere Praxis an folgenden Programmen teil: COPD Diabetes mellitus KHK Studien konnten wiederholt zeigen, dass derartige strukturierte Behandlungsprogramme zu besseren Behandlungsergebnisse f\u00fchren. Daher raten wir Patienten mit o.g. [&hellip;]\" \/>\n<meta property=\"og:url\" content=\"https:\/\/hausarztzentrum-holtenser-berg.de\/?page_id=24\" \/>\n<meta property=\"og:site_name\" content=\"Hausarzt-Zentrum Holtenser Berg\" \/>\n<meta name=\"twitter:card\" content=\"summary_large_image\" \/>\n<meta name=\"twitter:label1\" content=\"Gesch\u00e4tzte Lesezeit\" \/>\n\t<meta name=\"twitter:data1\" content=\"1\u00a0Minute\" \/>\n<script type=\"application\/ld+json\" class=\"yoast-schema-graph\">{\"@context\":\"https:\\\/\\\/schema.org\",\"@graph\":[{\"@type\":\"WebPage\",\"@id\":\"https:\\\/\\\/hausarztzentrum-holtenser-berg.de\\\/?page_id=24\",\"url\":\"https:\\\/\\\/hausarztzentrum-holtenser-berg.de\\\/?page_id=24\",\"name\":\"DMP - Hausarzt-Zentrum Holtenser Berg\",\"isPartOf\":{\"@id\":\"https:\\\/\\\/hausarztzentrum-holtenser-berg.de\\\/#website\"},\"datePublished\":\"2019-07-05T18:59:13+00:00\",\"breadcrumb\":{\"@id\":\"https:\\\/\\\/hausarztzentrum-holtenser-berg.de\\\/?page_id=24#breadcrumb\"},\"inLanguage\":\"de\",\"potentialAction\":[{\"@type\":\"ReadAction\",\"target\":[\"https:\\\/\\\/hausarztzentrum-holtenser-berg.de\\\/?page_id=24\"]}]},{\"@type\":\"BreadcrumbList\",\"@id\":\"https:\\\/\\\/hausarztzentrum-holtenser-berg.de\\\/?page_id=24#breadcrumb\",\"itemListElement\":[{\"@type\":\"ListItem\",\"position\":1,\"name\":\"Startseite\",\"item\":\"https:\\\/\\\/hausarztzentrum-holtenser-berg.de\\\/?page_id=343\"},{\"@type\":\"ListItem\",\"position\":2,\"name\":\"DMP\"}]},{\"@type\":\"WebSite\",\"@id\":\"https:\\\/\\\/hausarztzentrum-holtenser-berg.de\\\/#website\",\"url\":\"https:\\\/\\\/hausarztzentrum-holtenser-berg.de\\\/\",\"name\":\"Hausarzt-Zentrum Holtenser Berg\",\"description\":\"Ihre Haus\u00e4rzte f\u00fcr die ganze Familie\",\"publisher\":{\"@id\":\"https:\\\/\\\/hausarztzentrum-holtenser-berg.de\\\/#organization\"},\"potentialAction\":[{\"@type\":\"SearchAction\",\"target\":{\"@type\":\"EntryPoint\",\"urlTemplate\":\"https:\\\/\\\/hausarztzentrum-holtenser-berg.de\\\/?s={search_term_string}\"},\"query-input\":{\"@type\":\"PropertyValueSpecification\",\"valueRequired\":true,\"valueName\":\"search_term_string\"}}],\"inLanguage\":\"de\"},{\"@type\":\"Organization\",\"@id\":\"https:\\\/\\\/hausarztzentrum-holtenser-berg.de\\\/#organization\",\"name\":\"Hausarztpraxis Holtenser Berg\",\"url\":\"https:\\\/\\\/hausarztzentrum-holtenser-berg.de\\\/\",\"logo\":{\"@type\":\"ImageObject\",\"inLanguage\":\"de\",\"@id\":\"https:\\\/\\\/hausarztzentrum-holtenser-berg.de\\\/#\\\/schema\\\/logo\\\/image\\\/\",\"url\":\"https:\\\/\\\/i0.wp.com\\\/hausarztzentrum-holtenser-berg.de\\\/wp-content\\\/uploads\\\/2019\\\/07\\\/cropped-Logo_Fischer_1c_ohneText-2.png?fit=2369%2C1005&ssl=1\",\"contentUrl\":\"https:\\\/\\\/i0.wp.com\\\/hausarztzentrum-holtenser-berg.de\\\/wp-content\\\/uploads\\\/2019\\\/07\\\/cropped-Logo_Fischer_1c_ohneText-2.png?fit=2369%2C1005&ssl=1\",\"width\":2369,\"height\":1005,\"caption\":\"Hausarztpraxis Holtenser Berg\"},\"image\":{\"@id\":\"https:\\\/\\\/hausarztzentrum-holtenser-berg.de\\\/#\\\/schema\\\/logo\\\/image\\\/\"}}]}<\/script>\n<!-- \/ Yoast SEO plugin. -->","yoast_head_json":{"title":"DMP - Hausarzt-Zentrum Holtenser Berg","robots":{"index":"index","follow":"follow","max-snippet":"max-snippet:-1","max-image-preview":"max-image-preview:large","max-video-preview":"max-video-preview:-1"},"canonical":"https:\/\/hausarztzentrum-holtenser-berg.de\/?page_id=24","og_locale":"de_DE","og_type":"article","og_title":"DMP - Hausarzt-Zentrum Holtenser Berg","og_description":"DMP bedeutet eine strukturierte Versorgung chronisch kranker Patienten. Es handelt sich hierbei um vorgegebene Programme, die von Krankenkassen angeboten werden. Derzeit nimmt unsere Praxis an folgenden Programmen teil: COPD Diabetes mellitus KHK Studien konnten wiederholt zeigen, dass derartige strukturierte Behandlungsprogramme zu besseren Behandlungsergebnisse f\u00fchren. Daher raten wir Patienten mit o.g. [&hellip;]","og_url":"https:\/\/hausarztzentrum-holtenser-berg.de\/?page_id=24","og_site_name":"Hausarzt-Zentrum Holtenser Berg","twitter_card":"summary_large_image","twitter_misc":{"Gesch\u00e4tzte Lesezeit":"1\u00a0Minute"},"schema":{"@context":"https:\/\/schema.org","@graph":[{"@type":"WebPage","@id":"https:\/\/hausarztzentrum-holtenser-berg.de\/?page_id=24","url":"https:\/\/hausarztzentrum-holtenser-berg.de\/?page_id=24","name":"DMP - Hausarzt-Zentrum Holtenser Berg","isPartOf":{"@id":"https:\/\/hausarztzentrum-holtenser-berg.de\/#website"},"datePublished":"2019-07-05T18:59:13+00:00","breadcrumb":{"@id":"https:\/\/hausarztzentrum-holtenser-berg.de\/?page_id=24#breadcrumb"},"inLanguage":"de","potentialAction":[{"@type":"ReadAction","target":["https:\/\/hausarztzentrum-holtenser-berg.de\/?page_id=24"]}]},{"@type":"BreadcrumbList","@id":"https:\/\/hausarztzentrum-holtenser-berg.de\/?page_id=24#breadcrumb","itemListElement":[{"@type":"ListItem","position":1,"name":"Startseite","item":"https:\/\/hausarztzentrum-holtenser-berg.de\/?page_id=343"},{"@type":"ListItem","position":2,"name":"DMP"}]},{"@type":"WebSite","@id":"https:\/\/hausarztzentrum-holtenser-berg.de\/#website","url":"https:\/\/hausarztzentrum-holtenser-berg.de\/","name":"Hausarzt-Zentrum Holtenser Berg","description":"Ihre Haus\u00e4rzte f\u00fcr die ganze Familie","publisher":{"@id":"https:\/\/hausarztzentrum-holtenser-berg.de\/#organization"},"potentialAction":[{"@type":"SearchAction","target":{"@type":"EntryPoint","urlTemplate":"https:\/\/hausarztzentrum-holtenser-berg.de\/?s={search_term_string}"},"query-input":{"@type":"PropertyValueSpecification","valueRequired":true,"valueName":"search_term_string"}}],"inLanguage":"de"},{"@type":"Organization","@id":"https:\/\/hausarztzentrum-holtenser-berg.de\/#organization","name":"Hausarztpraxis Holtenser Berg","url":"https:\/\/hausarztzentrum-holtenser-berg.de\/","logo":{"@type":"ImageObject","inLanguage":"de","@id":"https:\/\/hausarztzentrum-holtenser-berg.de\/#\/schema\/logo\/image\/","url":"https:\/\/i0.wp.com\/hausarztzentrum-holtenser-berg.de\/wp-content\/uploads\/2019\/07\/cropped-Logo_Fischer_1c_ohneText-2.png?fit=2369%2C1005&ssl=1","contentUrl":"https:\/\/i0.wp.com\/hausarztzentrum-holtenser-berg.de\/wp-content\/uploads\/2019\/07\/cropped-Logo_Fischer_1c_ohneText-2.png?fit=2369%2C1005&ssl=1","width":2369,"height":1005,"caption":"Hausarztpraxis Holtenser Berg"},"image":{"@id":"https:\/\/hausarztzentrum-holtenser-berg.de\/#\/schema\/logo\/image\/"}}]}},"jetpack_sharing_enabled":true,"_links":{"self":[{"href":"https:\/\/hausarztzentrum-holtenser-berg.de\/index.php?rest_route=\/wp\/v2\/pages\/24","targetHints":{"allow":["GET"]}}],"collection":[{"href":"https:\/\/hausarztzentrum-holtenser-berg.de\/index.php?rest_route=\/wp\/v2\/pages"}],"about":[{"href":"https:\/\/hausarztzentrum-holtenser-berg.de\/index.php?rest_route=\/wp\/v2\/types\/page"}],"author":[{"embeddable":true,"href":"https:\/\/hausarztzentrum-holtenser-berg.de\/index.php?rest_route=\/wp\/v2\/users\/1"}],"replies":[{"embeddable":true,"href":"https:\/\/hausarztzentrum-holtenser-berg.de\/index.php?rest_route=%2Fwp%2Fv2%2Fcomments&post=24"}],"version-history":[{"count":1,"href":"https:\/\/hausarztzentrum-holtenser-berg.de\/index.php?rest_route=\/wp\/v2\/pages\/24\/revisions"}],"predecessor-version":[{"id":25,"href":"https:\/\/hausarztzentrum-holtenser-berg.de\/index.php?rest_route=\/wp\/v2\/pages\/24\/revisions\/25"}],"wp:attachment":[{"href":"https:\/\/hausarztzentrum-holtenser-berg.de\/index.php?rest_route=%2Fwp%2Fv2%2Fmedia&parent=24"}],"curies":[{"name":"wp","href":"https:\/\/api.w.org\/{rel}","templated":true}]}}