{"id":22,"date":"2019-07-05T18:56:47","date_gmt":"2019-07-05T18:56:47","guid":{"rendered":"http:\/\/hausarztzentrum-holtenser-berg.de\/?page_id=22"},"modified":"2019-07-05T19:08:16","modified_gmt":"2019-07-05T19:08:16","slug":"apparate-leistungen","status":"publish","type":"page","link":"https:\/\/hausarztzentrum-holtenser-berg.de\/?page_id=22","title":{"rendered":"Apparative Leistungen"},"content":{"rendered":"\n<ul class=\"wp-block-list\"><li><a href=\"http:\/\/wordpress.hausarzt-doktor-fischer.de\/wp-content\/uploads\/2016\/11\/IMG_0796.jpg\"><\/a>EKG<\/li><li>Ergometrie (=Belastungs-EKG)<\/li><li>Langzeit-Blutdruckmessung<\/li><li>Lungenfunktion (Spirometrie)<br><\/li><li>Ultraschall (u.a. der Bauchorgane, Schilddr\u00fcse, Beinvenen)<br><\/li><li>Doppleruntersuchungen der Beingef\u00e4\u00dfe zur Kontrolle von Durchblutungsst\u00f6rungen<\/li><li>Laboruntersuchungen (inkl. INR-Sofortest)<\/li><li>Reizstrom und therapeutischer Ultraschall mit dem modernen PhySys Reha-Ger\u00e4t der Firma Zimmer:<ul><li><a href=\"https:\/\/www.youtube.com\/watch?v=99qAlwWEdNQ\">Anwendungsgebiete<\/a>sind u.a. Gelenkschmerzen wie&nbsp;<a href=\"https:\/\/www.youtube.com\/watch?v=_AgoNYC8_hE\">Kniegelenksarthrose<\/a>,&nbsp;<a href=\"https:\/\/www.youtube.com\/watch?v=Bzzx0BEu7ck\">Sehnenentz\u00fcndungen<\/a>z.B. an Schulter (Impingment), &nbsp;<a href=\"https:\/\/www.youtube.com\/watch?v=Bzzx0BEu7ck\">Ellenbogenentz\u00fcndungen<\/a>(Epicondylitis) oder Fersen (<a href=\"https:\/\/www.youtube.com\/watch?v=R5DPMS1KUI8\">Achillodynie<\/a>). Die Anwendung ist ausdr\u00fccklich Kassenleistung! Es entstehen Ihnen keine Extra-Kosten. Auf YouTube finden Sie entsprechende Anwendungsfilme (s. Links).<\/li><\/ul><\/li><\/ul>\n","protected":false},"excerpt":{"rendered":"<p>EKG Ergometrie (=Belastungs-EKG) Langzeit-Blutdruckmessung Lungenfunktion (Spirometrie) Ultraschall (u.a. der Bauchorgane, Schilddr\u00fcse, Beinvenen) Doppleruntersuchungen der Beingef\u00e4\u00dfe zur Kontrolle von Durchblutungsst\u00f6rungen Laboruntersuchungen (inkl. INR-Sofortest) Reizstrom und therapeutischer Ultraschall mit dem modernen PhySys Reha-Ger\u00e4t der Firma Zimmer: Anwendungsgebietesind u.a. Gelenkschmerzen wie&nbsp;Kniegelenksarthrose,&nbsp;Sehnenentz\u00fcndungenz.B. an Schulter (Impingment), &nbsp;Ellenbogenentz\u00fcndungen(Epicondylitis) oder Fersen (Achillodynie). Die Anwendung ist ausdr\u00fccklich Kassenleistung! [&hellip;]<\/p>\n","protected":false},"author":1,"featured_media":0,"parent":0,"menu_order":0,"comment_status":"closed","ping_status":"closed","template":"","meta":{"footnotes":""},"class_list":["post-22","page","type-page","status-publish","hentry"],"yoast_head":"<!-- This site is optimized with the Yoast SEO plugin v27.4 - https:\/\/yoast.com\/product\/yoast-seo-wordpress\/ -->\n<title>Apparative Leistungen - Hausarzt-Zentrum Holtenser Berg<\/title>\n<meta name=\"robots\" content=\"index, follow, max-snippet:-1, max-image-preview:large, max-video-preview:-1\" \/>\n<link rel=\"canonical\" href=\"https:\/\/hausarztzentrum-holtenser-berg.de\/?page_id=22\" \/>\n<meta property=\"og:locale\" content=\"de_DE\" \/>\n<meta property=\"og:type\" content=\"article\" \/>\n<meta property=\"og:title\" content=\"Apparative Leistungen - Hausarzt-Zentrum Holtenser Berg\" \/>\n<meta property=\"og:description\" content=\"EKG Ergometrie (=Belastungs-EKG) Langzeit-Blutdruckmessung Lungenfunktion (Spirometrie) Ultraschall (u.a. der Bauchorgane, Schilddr\u00fcse, Beinvenen) Doppleruntersuchungen der Beingef\u00e4\u00dfe zur Kontrolle von Durchblutungsst\u00f6rungen Laboruntersuchungen (inkl. INR-Sofortest) Reizstrom und therapeutischer Ultraschall mit dem modernen PhySys Reha-Ger\u00e4t der Firma Zimmer: Anwendungsgebietesind u.a. Gelenkschmerzen wie&nbsp;Kniegelenksarthrose,&nbsp;Sehnenentz\u00fcndungenz.B. an Schulter (Impingment), &nbsp;Ellenbogenentz\u00fcndungen(Epicondylitis) oder Fersen (Achillodynie). Die Anwendung ist ausdr\u00fccklich Kassenleistung! [&hellip;]\" \/>\n<meta property=\"og:url\" content=\"https:\/\/hausarztzentrum-holtenser-berg.de\/?page_id=22\" \/>\n<meta property=\"og:site_name\" content=\"Hausarzt-Zentrum Holtenser Berg\" \/>\n<meta property=\"article:modified_time\" content=\"2019-07-05T19:08:16+00:00\" \/>\n<meta name=\"twitter:card\" content=\"summary_large_image\" \/>\n<script type=\"application\/ld+json\" class=\"yoast-schema-graph\">{\"@context\":\"https:\\\/\\\/schema.org\",\"@graph\":[{\"@type\":\"WebPage\",\"@id\":\"https:\\\/\\\/hausarztzentrum-holtenser-berg.de\\\/?page_id=22\",\"url\":\"https:\\\/\\\/hausarztzentrum-holtenser-berg.de\\\/?page_id=22\",\"name\":\"Apparative Leistungen - Hausarzt-Zentrum Holtenser Berg\",\"isPartOf\":{\"@id\":\"https:\\\/\\\/hausarztzentrum-holtenser-berg.de\\\/#website\"},\"datePublished\":\"2019-07-05T18:56:47+00:00\",\"dateModified\":\"2019-07-05T19:08:16+00:00\",\"breadcrumb\":{\"@id\":\"https:\\\/\\\/hausarztzentrum-holtenser-berg.de\\\/?page_id=22#breadcrumb\"},\"inLanguage\":\"de\",\"potentialAction\":[{\"@type\":\"ReadAction\",\"target\":[\"https:\\\/\\\/hausarztzentrum-holtenser-berg.de\\\/?page_id=22\"]}]},{\"@type\":\"BreadcrumbList\",\"@id\":\"https:\\\/\\\/hausarztzentrum-holtenser-berg.de\\\/?page_id=22#breadcrumb\",\"itemListElement\":[{\"@type\":\"ListItem\",\"position\":1,\"name\":\"Startseite\",\"item\":\"https:\\\/\\\/hausarztzentrum-holtenser-berg.de\\\/?page_id=343\"},{\"@type\":\"ListItem\",\"position\":2,\"name\":\"Apparative Leistungen\"}]},{\"@type\":\"WebSite\",\"@id\":\"https:\\\/\\\/hausarztzentrum-holtenser-berg.de\\\/#website\",\"url\":\"https:\\\/\\\/hausarztzentrum-holtenser-berg.de\\\/\",\"name\":\"Hausarzt-Zentrum Holtenser Berg\",\"description\":\"Ihre Haus\u00e4rzte f\u00fcr die ganze Familie\",\"publisher\":{\"@id\":\"https:\\\/\\\/hausarztzentrum-holtenser-berg.de\\\/#organization\"},\"potentialAction\":[{\"@type\":\"SearchAction\",\"target\":{\"@type\":\"EntryPoint\",\"urlTemplate\":\"https:\\\/\\\/hausarztzentrum-holtenser-berg.de\\\/?s={search_term_string}\"},\"query-input\":{\"@type\":\"PropertyValueSpecification\",\"valueRequired\":true,\"valueName\":\"search_term_string\"}}],\"inLanguage\":\"de\"},{\"@type\":\"Organization\",\"@id\":\"https:\\\/\\\/hausarztzentrum-holtenser-berg.de\\\/#organization\",\"name\":\"Hausarztpraxis Holtenser Berg\",\"url\":\"https:\\\/\\\/hausarztzentrum-holtenser-berg.de\\\/\",\"logo\":{\"@type\":\"ImageObject\",\"inLanguage\":\"de\",\"@id\":\"https:\\\/\\\/hausarztzentrum-holtenser-berg.de\\\/#\\\/schema\\\/logo\\\/image\\\/\",\"url\":\"https:\\\/\\\/i0.wp.com\\\/hausarztzentrum-holtenser-berg.de\\\/wp-content\\\/uploads\\\/2019\\\/07\\\/cropped-Logo_Fischer_1c_ohneText-2.png?fit=2369%2C1005&ssl=1\",\"contentUrl\":\"https:\\\/\\\/i0.wp.com\\\/hausarztzentrum-holtenser-berg.de\\\/wp-content\\\/uploads\\\/2019\\\/07\\\/cropped-Logo_Fischer_1c_ohneText-2.png?fit=2369%2C1005&ssl=1\",\"width\":2369,\"height\":1005,\"caption\":\"Hausarztpraxis Holtenser Berg\"},\"image\":{\"@id\":\"https:\\\/\\\/hausarztzentrum-holtenser-berg.de\\\/#\\\/schema\\\/logo\\\/image\\\/\"}}]}<\/script>\n<!-- \/ Yoast SEO plugin. -->","yoast_head_json":{"title":"Apparative Leistungen - Hausarzt-Zentrum Holtenser Berg","robots":{"index":"index","follow":"follow","max-snippet":"max-snippet:-1","max-image-preview":"max-image-preview:large","max-video-preview":"max-video-preview:-1"},"canonical":"https:\/\/hausarztzentrum-holtenser-berg.de\/?page_id=22","og_locale":"de_DE","og_type":"article","og_title":"Apparative Leistungen - Hausarzt-Zentrum Holtenser Berg","og_description":"EKG Ergometrie (=Belastungs-EKG) Langzeit-Blutdruckmessung Lungenfunktion (Spirometrie) Ultraschall (u.a. der Bauchorgane, Schilddr\u00fcse, Beinvenen) Doppleruntersuchungen der Beingef\u00e4\u00dfe zur Kontrolle von Durchblutungsst\u00f6rungen Laboruntersuchungen (inkl. INR-Sofortest) Reizstrom und therapeutischer Ultraschall mit dem modernen PhySys Reha-Ger\u00e4t der Firma Zimmer: Anwendungsgebietesind u.a. Gelenkschmerzen wie&nbsp;Kniegelenksarthrose,&nbsp;Sehnenentz\u00fcndungenz.B. an Schulter (Impingment), &nbsp;Ellenbogenentz\u00fcndungen(Epicondylitis) oder Fersen (Achillodynie). Die Anwendung ist ausdr\u00fccklich Kassenleistung! [&hellip;]","og_url":"https:\/\/hausarztzentrum-holtenser-berg.de\/?page_id=22","og_site_name":"Hausarzt-Zentrum Holtenser Berg","article_modified_time":"2019-07-05T19:08:16+00:00","twitter_card":"summary_large_image","schema":{"@context":"https:\/\/schema.org","@graph":[{"@type":"WebPage","@id":"https:\/\/hausarztzentrum-holtenser-berg.de\/?page_id=22","url":"https:\/\/hausarztzentrum-holtenser-berg.de\/?page_id=22","name":"Apparative Leistungen - Hausarzt-Zentrum Holtenser Berg","isPartOf":{"@id":"https:\/\/hausarztzentrum-holtenser-berg.de\/#website"},"datePublished":"2019-07-05T18:56:47+00:00","dateModified":"2019-07-05T19:08:16+00:00","breadcrumb":{"@id":"https:\/\/hausarztzentrum-holtenser-berg.de\/?page_id=22#breadcrumb"},"inLanguage":"de","potentialAction":[{"@type":"ReadAction","target":["https:\/\/hausarztzentrum-holtenser-berg.de\/?page_id=22"]}]},{"@type":"BreadcrumbList","@id":"https:\/\/hausarztzentrum-holtenser-berg.de\/?page_id=22#breadcrumb","itemListElement":[{"@type":"ListItem","position":1,"name":"Startseite","item":"https:\/\/hausarztzentrum-holtenser-berg.de\/?page_id=343"},{"@type":"ListItem","position":2,"name":"Apparative Leistungen"}]},{"@type":"WebSite","@id":"https:\/\/hausarztzentrum-holtenser-berg.de\/#website","url":"https:\/\/hausarztzentrum-holtenser-berg.de\/","name":"Hausarzt-Zentrum Holtenser Berg","description":"Ihre Haus\u00e4rzte f\u00fcr die ganze Familie","publisher":{"@id":"https:\/\/hausarztzentrum-holtenser-berg.de\/#organization"},"potentialAction":[{"@type":"SearchAction","target":{"@type":"EntryPoint","urlTemplate":"https:\/\/hausarztzentrum-holtenser-berg.de\/?s={search_term_string}"},"query-input":{"@type":"PropertyValueSpecification","valueRequired":true,"valueName":"search_term_string"}}],"inLanguage":"de"},{"@type":"Organization","@id":"https:\/\/hausarztzentrum-holtenser-berg.de\/#organization","name":"Hausarztpraxis Holtenser Berg","url":"https:\/\/hausarztzentrum-holtenser-berg.de\/","logo":{"@type":"ImageObject","inLanguage":"de","@id":"https:\/\/hausarztzentrum-holtenser-berg.de\/#\/schema\/logo\/image\/","url":"https:\/\/i0.wp.com\/hausarztzentrum-holtenser-berg.de\/wp-content\/uploads\/2019\/07\/cropped-Logo_Fischer_1c_ohneText-2.png?fit=2369%2C1005&ssl=1","contentUrl":"https:\/\/i0.wp.com\/hausarztzentrum-holtenser-berg.de\/wp-content\/uploads\/2019\/07\/cropped-Logo_Fischer_1c_ohneText-2.png?fit=2369%2C1005&ssl=1","width":2369,"height":1005,"caption":"Hausarztpraxis Holtenser Berg"},"image":{"@id":"https:\/\/hausarztzentrum-holtenser-berg.de\/#\/schema\/logo\/image\/"}}]}},"jetpack_sharing_enabled":true,"_links":{"self":[{"href":"https:\/\/hausarztzentrum-holtenser-berg.de\/index.php?rest_route=\/wp\/v2\/pages\/22","targetHints":{"allow":["GET"]}}],"collection":[{"href":"https:\/\/hausarztzentrum-holtenser-berg.de\/index.php?rest_route=\/wp\/v2\/pages"}],"about":[{"href":"https:\/\/hausarztzentrum-holtenser-berg.de\/index.php?rest_route=\/wp\/v2\/types\/page"}],"author":[{"embeddable":true,"href":"https:\/\/hausarztzentrum-holtenser-berg.de\/index.php?rest_route=\/wp\/v2\/users\/1"}],"replies":[{"embeddable":true,"href":"https:\/\/hausarztzentrum-holtenser-berg.de\/index.php?rest_route=%2Fwp%2Fv2%2Fcomments&post=22"}],"version-history":[{"count":2,"href":"https:\/\/hausarztzentrum-holtenser-berg.de\/index.php?rest_route=\/wp\/v2\/pages\/22\/revisions"}],"predecessor-version":[{"id":54,"href":"https:\/\/hausarztzentrum-holtenser-berg.de\/index.php?rest_route=\/wp\/v2\/pages\/22\/revisions\/54"}],"wp:attachment":[{"href":"https:\/\/hausarztzentrum-holtenser-berg.de\/index.php?rest_route=%2Fwp%2Fv2%2Fmedia&parent=22"}],"curies":[{"name":"wp","href":"https:\/\/api.w.org\/{rel}","templated":true}]}}