{"id":20,"date":"2019-07-05T18:59:38","date_gmt":"2019-07-05T18:59:38","guid":{"rendered":"http:\/\/hausarztzentrum-holtenser-berg.de\/?page_id=20"},"modified":"2019-07-05T19:02:35","modified_gmt":"2019-07-05T19:02:35","slug":"leistungen","status":"publish","type":"page","link":"https:\/\/hausarztzentrum-holtenser-berg.de\/?page_id=20","title":{"rendered":"Leistungen"},"content":{"rendered":"\n<p><strong>Haus\u00e4rztliche Versorgung<\/strong><br><\/p>\n\n\n\n<p>Die haus\u00e4rztliche Versorgung ist das Kernst\u00fcck unserer T\u00e4tigkeit. Darunter verstehen wir als Praxisteam:<\/p>\n\n\n\n<ul class=\"wp-block-list\"><li>Wir f\u00fcr Sie hier vor Ort pr\u00e4sent und ansprechbar sind.<\/li><li>Sie bei dem Weg durch das immer komplizierter werdende Netz der Medizin begleiten.<\/li><li>Sie bei schweren Krankheiten oder Gehbehinderung zu Hause aufsuchen.<\/li><li>Sie im Pflegeheim vor Ort weiterbehandeln, wenn Sie dies w\u00fcnschen.<\/li><li>Sie beim Sterben nicht allein lassen. Wir bieten haus\u00e4rztliche Begleitung sowohl in ihrer h\u00e4uslichen Umgebung als auch im Hospiz an. Dabei stehen wir ihnen auch&nbsp;<br>nachts zur Verf\u00fcgung.<\/li><\/ul>\n\n\n\n<p><strong>Pr\u00e4ventionsleistungen<\/strong><\/p>\n\n\n\n<ul class=\"wp-block-list\"><li>Impfberatung (bitte beachten: Reise-Impfberatungen sind keine Leistung der gesetzlichen Krankenkassen!<br><\/li><li>Check-Up (ab dem 35. Lebensjahr alle 2 Jahre auf Kassenkosten)<\/li><li>Krebsvorsorge (j\u00e4hrl. f\u00fcr M\u00e4nner ab 45 J.)<\/li><li>U-Untersuchungen f\u00fcr Kinder (ab U4)<\/li><li>Jugendschutzuntersuchungen (J1)<\/li><\/ul>\n\n\n\n<p><strong>Technische Leistungen<\/strong><\/p>\n\n\n\n<ul class=\"wp-block-list\"><li>EKG<a href=\"http:\/\/wordpress.hausarzt-doktor-fischer.de\/wp-content\/uploads\/2016\/12\/091.jpg\"><\/a><\/li><li>Langzeitblutdruck-Messung<\/li><li>Ergometrie<\/li><li>Lungenfunktion (Spirometrie)<br><\/li><li>Ultraschall (u.a. der Bauchorgane, Schilddr\u00fcse, Beinvenen)<br><\/li><li>Doppleruntersuchungen der Beingef\u00e4\u00dfe<\/li><li>Laboruntersuchungen<\/li><li>Reizstrom und therapeutischer Ultraschall<\/li><\/ul>\n","protected":false},"excerpt":{"rendered":"<p>Haus\u00e4rztliche Versorgung Die haus\u00e4rztliche Versorgung ist das Kernst\u00fcck unserer T\u00e4tigkeit. Darunter verstehen wir als Praxisteam: Wir f\u00fcr Sie hier vor Ort pr\u00e4sent und ansprechbar sind. Sie bei dem Weg durch das immer komplizierter werdende Netz der Medizin begleiten. Sie bei schweren Krankheiten oder Gehbehinderung zu Hause aufsuchen. Sie im Pflegeheim [&hellip;]<\/p>\n","protected":false},"author":1,"featured_media":0,"parent":0,"menu_order":0,"comment_status":"closed","ping_status":"closed","template":"","meta":{"footnotes":""},"class_list":["post-20","page","type-page","status-publish","hentry"],"yoast_head":"<!-- This site is optimized with the Yoast SEO plugin v27.4 - https:\/\/yoast.com\/product\/yoast-seo-wordpress\/ -->\n<title>Leistungen - Hausarzt-Zentrum Holtenser Berg<\/title>\n<meta name=\"robots\" content=\"index, follow, max-snippet:-1, max-image-preview:large, max-video-preview:-1\" \/>\n<link rel=\"canonical\" href=\"https:\/\/hausarztzentrum-holtenser-berg.de\/?page_id=20\" \/>\n<meta property=\"og:locale\" content=\"de_DE\" \/>\n<meta property=\"og:type\" content=\"article\" \/>\n<meta property=\"og:title\" content=\"Leistungen - Hausarzt-Zentrum Holtenser Berg\" \/>\n<meta property=\"og:description\" content=\"Haus\u00e4rztliche Versorgung Die haus\u00e4rztliche Versorgung ist das Kernst\u00fcck unserer T\u00e4tigkeit. Darunter verstehen wir als Praxisteam: Wir f\u00fcr Sie hier vor Ort pr\u00e4sent und ansprechbar sind. Sie bei dem Weg durch das immer komplizierter werdende Netz der Medizin begleiten. Sie bei schweren Krankheiten oder Gehbehinderung zu Hause aufsuchen. Sie im Pflegeheim [&hellip;]\" \/>\n<meta property=\"og:url\" content=\"https:\/\/hausarztzentrum-holtenser-berg.de\/?page_id=20\" \/>\n<meta property=\"og:site_name\" content=\"Hausarzt-Zentrum Holtenser Berg\" \/>\n<meta property=\"article:modified_time\" content=\"2019-07-05T19:02:35+00:00\" \/>\n<meta name=\"twitter:card\" content=\"summary_large_image\" \/>\n<meta name=\"twitter:label1\" content=\"Gesch\u00e4tzte Lesezeit\" \/>\n\t<meta name=\"twitter:data1\" content=\"1\u00a0Minute\" \/>\n<script type=\"application\/ld+json\" class=\"yoast-schema-graph\">{\"@context\":\"https:\\\/\\\/schema.org\",\"@graph\":[{\"@type\":\"WebPage\",\"@id\":\"https:\\\/\\\/hausarztzentrum-holtenser-berg.de\\\/?page_id=20\",\"url\":\"https:\\\/\\\/hausarztzentrum-holtenser-berg.de\\\/?page_id=20\",\"name\":\"Leistungen - Hausarzt-Zentrum Holtenser Berg\",\"isPartOf\":{\"@id\":\"https:\\\/\\\/hausarztzentrum-holtenser-berg.de\\\/#website\"},\"datePublished\":\"2019-07-05T18:59:38+00:00\",\"dateModified\":\"2019-07-05T19:02:35+00:00\",\"breadcrumb\":{\"@id\":\"https:\\\/\\\/hausarztzentrum-holtenser-berg.de\\\/?page_id=20#breadcrumb\"},\"inLanguage\":\"de\",\"potentialAction\":[{\"@type\":\"ReadAction\",\"target\":[\"https:\\\/\\\/hausarztzentrum-holtenser-berg.de\\\/?page_id=20\"]}]},{\"@type\":\"BreadcrumbList\",\"@id\":\"https:\\\/\\\/hausarztzentrum-holtenser-berg.de\\\/?page_id=20#breadcrumb\",\"itemListElement\":[{\"@type\":\"ListItem\",\"position\":1,\"name\":\"Startseite\",\"item\":\"https:\\\/\\\/hausarztzentrum-holtenser-berg.de\\\/?page_id=343\"},{\"@type\":\"ListItem\",\"position\":2,\"name\":\"Leistungen\"}]},{\"@type\":\"WebSite\",\"@id\":\"https:\\\/\\\/hausarztzentrum-holtenser-berg.de\\\/#website\",\"url\":\"https:\\\/\\\/hausarztzentrum-holtenser-berg.de\\\/\",\"name\":\"Hausarzt-Zentrum Holtenser Berg\",\"description\":\"Ihre Haus\u00e4rzte f\u00fcr die ganze Familie\",\"publisher\":{\"@id\":\"https:\\\/\\\/hausarztzentrum-holtenser-berg.de\\\/#organization\"},\"potentialAction\":[{\"@type\":\"SearchAction\",\"target\":{\"@type\":\"EntryPoint\",\"urlTemplate\":\"https:\\\/\\\/hausarztzentrum-holtenser-berg.de\\\/?s={search_term_string}\"},\"query-input\":{\"@type\":\"PropertyValueSpecification\",\"valueRequired\":true,\"valueName\":\"search_term_string\"}}],\"inLanguage\":\"de\"},{\"@type\":\"Organization\",\"@id\":\"https:\\\/\\\/hausarztzentrum-holtenser-berg.de\\\/#organization\",\"name\":\"Hausarztpraxis Holtenser Berg\",\"url\":\"https:\\\/\\\/hausarztzentrum-holtenser-berg.de\\\/\",\"logo\":{\"@type\":\"ImageObject\",\"inLanguage\":\"de\",\"@id\":\"https:\\\/\\\/hausarztzentrum-holtenser-berg.de\\\/#\\\/schema\\\/logo\\\/image\\\/\",\"url\":\"https:\\\/\\\/i0.wp.com\\\/hausarztzentrum-holtenser-berg.de\\\/wp-content\\\/uploads\\\/2019\\\/07\\\/cropped-Logo_Fischer_1c_ohneText-2.png?fit=2369%2C1005&ssl=1\",\"contentUrl\":\"https:\\\/\\\/i0.wp.com\\\/hausarztzentrum-holtenser-berg.de\\\/wp-content\\\/uploads\\\/2019\\\/07\\\/cropped-Logo_Fischer_1c_ohneText-2.png?fit=2369%2C1005&ssl=1\",\"width\":2369,\"height\":1005,\"caption\":\"Hausarztpraxis Holtenser Berg\"},\"image\":{\"@id\":\"https:\\\/\\\/hausarztzentrum-holtenser-berg.de\\\/#\\\/schema\\\/logo\\\/image\\\/\"}}]}<\/script>\n<!-- \/ Yoast SEO plugin. -->","yoast_head_json":{"title":"Leistungen - Hausarzt-Zentrum Holtenser Berg","robots":{"index":"index","follow":"follow","max-snippet":"max-snippet:-1","max-image-preview":"max-image-preview:large","max-video-preview":"max-video-preview:-1"},"canonical":"https:\/\/hausarztzentrum-holtenser-berg.de\/?page_id=20","og_locale":"de_DE","og_type":"article","og_title":"Leistungen - Hausarzt-Zentrum Holtenser Berg","og_description":"Haus\u00e4rztliche Versorgung Die haus\u00e4rztliche Versorgung ist das Kernst\u00fcck unserer T\u00e4tigkeit. Darunter verstehen wir als Praxisteam: Wir f\u00fcr Sie hier vor Ort pr\u00e4sent und ansprechbar sind. Sie bei dem Weg durch das immer komplizierter werdende Netz der Medizin begleiten. Sie bei schweren Krankheiten oder Gehbehinderung zu Hause aufsuchen. Sie im Pflegeheim [&hellip;]","og_url":"https:\/\/hausarztzentrum-holtenser-berg.de\/?page_id=20","og_site_name":"Hausarzt-Zentrum Holtenser Berg","article_modified_time":"2019-07-05T19:02:35+00:00","twitter_card":"summary_large_image","twitter_misc":{"Gesch\u00e4tzte Lesezeit":"1\u00a0Minute"},"schema":{"@context":"https:\/\/schema.org","@graph":[{"@type":"WebPage","@id":"https:\/\/hausarztzentrum-holtenser-berg.de\/?page_id=20","url":"https:\/\/hausarztzentrum-holtenser-berg.de\/?page_id=20","name":"Leistungen - Hausarzt-Zentrum Holtenser Berg","isPartOf":{"@id":"https:\/\/hausarztzentrum-holtenser-berg.de\/#website"},"datePublished":"2019-07-05T18:59:38+00:00","dateModified":"2019-07-05T19:02:35+00:00","breadcrumb":{"@id":"https:\/\/hausarztzentrum-holtenser-berg.de\/?page_id=20#breadcrumb"},"inLanguage":"de","potentialAction":[{"@type":"ReadAction","target":["https:\/\/hausarztzentrum-holtenser-berg.de\/?page_id=20"]}]},{"@type":"BreadcrumbList","@id":"https:\/\/hausarztzentrum-holtenser-berg.de\/?page_id=20#breadcrumb","itemListElement":[{"@type":"ListItem","position":1,"name":"Startseite","item":"https:\/\/hausarztzentrum-holtenser-berg.de\/?page_id=343"},{"@type":"ListItem","position":2,"name":"Leistungen"}]},{"@type":"WebSite","@id":"https:\/\/hausarztzentrum-holtenser-berg.de\/#website","url":"https:\/\/hausarztzentrum-holtenser-berg.de\/","name":"Hausarzt-Zentrum Holtenser Berg","description":"Ihre Haus\u00e4rzte f\u00fcr die ganze Familie","publisher":{"@id":"https:\/\/hausarztzentrum-holtenser-berg.de\/#organization"},"potentialAction":[{"@type":"SearchAction","target":{"@type":"EntryPoint","urlTemplate":"https:\/\/hausarztzentrum-holtenser-berg.de\/?s={search_term_string}"},"query-input":{"@type":"PropertyValueSpecification","valueRequired":true,"valueName":"search_term_string"}}],"inLanguage":"de"},{"@type":"Organization","@id":"https:\/\/hausarztzentrum-holtenser-berg.de\/#organization","name":"Hausarztpraxis Holtenser Berg","url":"https:\/\/hausarztzentrum-holtenser-berg.de\/","logo":{"@type":"ImageObject","inLanguage":"de","@id":"https:\/\/hausarztzentrum-holtenser-berg.de\/#\/schema\/logo\/image\/","url":"https:\/\/i0.wp.com\/hausarztzentrum-holtenser-berg.de\/wp-content\/uploads\/2019\/07\/cropped-Logo_Fischer_1c_ohneText-2.png?fit=2369%2C1005&ssl=1","contentUrl":"https:\/\/i0.wp.com\/hausarztzentrum-holtenser-berg.de\/wp-content\/uploads\/2019\/07\/cropped-Logo_Fischer_1c_ohneText-2.png?fit=2369%2C1005&ssl=1","width":2369,"height":1005,"caption":"Hausarztpraxis Holtenser Berg"},"image":{"@id":"https:\/\/hausarztzentrum-holtenser-berg.de\/#\/schema\/logo\/image\/"}}]}},"jetpack_sharing_enabled":true,"_links":{"self":[{"href":"https:\/\/hausarztzentrum-holtenser-berg.de\/index.php?rest_route=\/wp\/v2\/pages\/20","targetHints":{"allow":["GET"]}}],"collection":[{"href":"https:\/\/hausarztzentrum-holtenser-berg.de\/index.php?rest_route=\/wp\/v2\/pages"}],"about":[{"href":"https:\/\/hausarztzentrum-holtenser-berg.de\/index.php?rest_route=\/wp\/v2\/types\/page"}],"author":[{"embeddable":true,"href":"https:\/\/hausarztzentrum-holtenser-berg.de\/index.php?rest_route=\/wp\/v2\/users\/1"}],"replies":[{"embeddable":true,"href":"https:\/\/hausarztzentrum-holtenser-berg.de\/index.php?rest_route=%2Fwp%2Fv2%2Fcomments&post=20"}],"version-history":[{"count":1,"href":"https:\/\/hausarztzentrum-holtenser-berg.de\/index.php?rest_route=\/wp\/v2\/pages\/20\/revisions"}],"predecessor-version":[{"id":21,"href":"https:\/\/hausarztzentrum-holtenser-berg.de\/index.php?rest_route=\/wp\/v2\/pages\/20\/revisions\/21"}],"wp:attachment":[{"href":"https:\/\/hausarztzentrum-holtenser-berg.de\/index.php?rest_route=%2Fwp%2Fv2%2Fmedia&parent=20"}],"curies":[{"name":"wp","href":"https:\/\/api.w.org\/{rel}","templated":true}]}}