{"id":12,"date":"2019-07-05T19:00:13","date_gmt":"2019-07-05T19:00:13","guid":{"rendered":"http:\/\/hausarztzentrum-holtenser-berg.de\/?page_id=12"},"modified":"2025-11-16T17:43:37","modified_gmt":"2025-11-16T17:43:37","slug":"termine","status":"publish","type":"page","link":"https:\/\/hausarztzentrum-holtenser-berg.de\/?page_id=12","title":{"rendered":"Termine \/ Sprechzeiten \/ Videosprechstunde"},"content":{"rendered":"\n<p>Wir f\u00fchren t\u00e4glich eine Terminsprechstunde durch. Hierzu erhalten Sie Termine per <a href=\"https:\/\/www.termin-patmed.de\/p\/hausarztzentrum-holtenser-berg\">Online-Terminvergabe <\/a>oder telefonisch \u00fcber unseren Telefonassistenten. Bitte sehen Sie davon ab, ohne Termin die Praxis aufzusuchen. Selbstverst\u00e4ndlich gilt dies nicht f\u00fcr akute Notf\u00e4lle!<\/p>\n\n\n\n<p>Im Anschluss an die Terminsprechstunde findet die <strong>Akutsprechstunde<\/strong> statt: vormittags t\u00e4glich ab ca. 11:30 Uhr und nachmittags ab ca. 18:00 Uhr. Auch hierzu melden Sie sich bitte <a href=\"https:\/\/www.termin-patmed.de\/p\/hausarztzentrum-holtenser-berg\">Online<\/a> oder per Telefon an. Die Akutsprechstunde steht f\u00fcr alle Patienten zur Verf\u00fcgung, die akute Beschwerden haben wie Atemwegsinfekte, R\u00fcckenschmerzen, etc.. Die Dauer der Termine wird mit 5 Minuten eingeplant. F\u00fcr l\u00e4ngere Gespr\u00e4che buchen Sie bitte einen regul\u00e4ren Termin.<\/p>\n\n\n\n<p>Nutzen Sie auch gerne unsere <a href=\"https:\/\/www.termin-patmed.de\/p\/hausarztzentrum-holtenser-berg\"><strong>Telefon- und  Videosprechstunde<\/strong>!<\/a> Krankmeldungen k\u00f6nnen Sie hier mit einer Dauer von bis zu 5 (Telefon) und 7 Kalendertagen (Video) erhalten. Auch digitale Rezepte k\u00f6nnen wir so ausstellen. Die Videosprechstunde eignet sich u.a. gut f\u00fcr akute Infekte, bei denen Sie ihre Wohnung nicht verlassen m\u00f6chten, aber auch f\u00fcr kurze Gespr\u00e4che, z.B. Befundbesprechungen. Termine erhalten sie \u00fcber die <a href=\"https:\/\/www.termin-patmed.de\/p\/hausarztzentrum-holtenser-berg\">Online-Terminvergabe<\/a>.<\/p>\n\n\n\n<p>Bitte tragen Sie zum Schutz der anderen Patient:innen eine Maske, wenn Sie erk\u00e4ltet sind!<\/p>\n\n\n\n<div class=\"wp-block-buttons is-layout-flex wp-block-buttons-is-layout-flex\">\n<div class=\"wp-block-button\"><a class=\"wp-block-button__link wp-element-button\" href=\"https:\/\/www.termin-patmed.de\/p\/hausarztzentrum-holtenser-berg\">Online-Termine<\/a><\/div>\n<\/div>\n\n\n\n<figure class=\"wp-block-table\"><table><tbody><tr><td>Montag bis Freitag<\/td><td>8:00 &#8211; 12:00 Uhr<\/td><\/tr><tr><td>Montag<\/td><td>16:00 &#8211; 18:00 Uhr<\/td><\/tr><\/tbody><\/table><\/figure>\n\n\n\n<p>Zur unserer Entlastung setzen wir den <strong>Telefonassistenten Aaron <\/strong>ein. Aaron ist mit einer k\u00fcnstlichen Intelligenz hinterlegt und kann Gespr\u00e4ch mit Ihnen \u00fcber Termin- und Rezeptw\u00fcnsche f\u00fchren! N\u00e4heres zu Aaron finden Sie in unserem <a href=\"https:\/\/hausarztzentrum-holtenser-berg.de\/?p=444\">Beitrag<\/a>.<\/p>\n\n\n\n<p>Praxis-Telefon:&nbsp;<strong>0551 &#8211; 6 22 74<\/strong><\/p>\n\n\n\n<p>Rezept-Telefon:&nbsp;<strong>0551 &#8211; 6 22 70<\/strong><\/p>\n\n\n\n<p>Email-Anfragen:&nbsp;<strong>info@hausarztzentrum-holtenser-berg.de<\/strong><\/p>\n\n\n\n<p>(Das eMail-Postfach wird nur  sporadisch gelesen. Terminanfragen etc. stellen Sie bitte nicht per Mail! Bitte beachten Sie, dass wir per Mail <em>keine medizinischen Fragen<\/em> beantworten d\u00fcrfen!  )<\/p>\n\n\n\n<p>In dringenden&nbsp;<strong>Notf\u00e4llen<\/strong> w\u00e4hlen Sie die Nummer der Notzentrale:&nbsp;<strong>112<br><\/strong><br>Au\u00dferhalb der Sprechzeiten wird die Versorgung \u00fcber den \u00e4rztlichen Bereitschaftsdienst im Universit\u00e4tsklinikum gew\u00e4hrleistet: Tel.&nbsp;<a href=\"http:\/\/www.116117info.de\/html\/\">116117<\/a><\/p>\n\n\n\n<p>Unsere <strong>Zweigpraxis<\/strong> in der <strong>Alfred-Delp-Weg 3<\/strong> ist auch dienstags und donnerstags nachmittags von 16.00-18:00 Uhr ge\u00f6ffnet (Tel. 0551-796699). <\/p>\n","protected":false},"excerpt":{"rendered":"<p>Wir f\u00fchren t\u00e4glich eine Terminsprechstunde durch. Hierzu erhalten Sie Termine per Online-Terminvergabe oder telefonisch \u00fcber unseren Telefonassistenten. Bitte sehen Sie davon ab, ohne Termin die Praxis aufzusuchen. Selbstverst\u00e4ndlich gilt dies nicht f\u00fcr akute Notf\u00e4lle! Im Anschluss an die Terminsprechstunde findet die Akutsprechstunde statt: vormittags t\u00e4glich ab ca. 11:30 Uhr und [&hellip;]<\/p>\n","protected":false},"author":1,"featured_media":0,"parent":0,"menu_order":0,"comment_status":"closed","ping_status":"closed","template":"","meta":{"footnotes":""},"class_list":["post-12","page","type-page","status-publish","hentry"],"yoast_head":"<!-- This site is optimized with the Yoast SEO plugin v27.4 - https:\/\/yoast.com\/product\/yoast-seo-wordpress\/ -->\n<title>Termine \/ Sprechzeiten \/ Videosprechstunde - Hausarzt-Zentrum Holtenser Berg<\/title>\n<meta name=\"robots\" content=\"index, follow, max-snippet:-1, max-image-preview:large, max-video-preview:-1\" \/>\n<link rel=\"canonical\" href=\"https:\/\/hausarztzentrum-holtenser-berg.de\/?page_id=12\" \/>\n<meta property=\"og:locale\" content=\"de_DE\" \/>\n<meta property=\"og:type\" content=\"article\" \/>\n<meta property=\"og:title\" content=\"Termine \/ Sprechzeiten \/ Videosprechstunde - Hausarzt-Zentrum Holtenser Berg\" \/>\n<meta property=\"og:description\" content=\"Wir f\u00fchren t\u00e4glich eine Terminsprechstunde durch. Hierzu erhalten Sie Termine per Online-Terminvergabe oder telefonisch \u00fcber unseren Telefonassistenten. Bitte sehen Sie davon ab, ohne Termin die Praxis aufzusuchen. Selbstverst\u00e4ndlich gilt dies nicht f\u00fcr akute Notf\u00e4lle! Im Anschluss an die Terminsprechstunde findet die Akutsprechstunde statt: vormittags t\u00e4glich ab ca. 11:30 Uhr und [&hellip;]\" \/>\n<meta property=\"og:url\" content=\"https:\/\/hausarztzentrum-holtenser-berg.de\/?page_id=12\" \/>\n<meta property=\"og:site_name\" content=\"Hausarzt-Zentrum Holtenser Berg\" \/>\n<meta property=\"article:modified_time\" content=\"2025-11-16T17:43:37+00:00\" \/>\n<meta name=\"twitter:card\" content=\"summary_large_image\" \/>\n<meta name=\"twitter:label1\" content=\"Gesch\u00e4tzte Lesezeit\" \/>\n\t<meta name=\"twitter:data1\" content=\"2\u00a0Minuten\" \/>\n<script type=\"application\/ld+json\" class=\"yoast-schema-graph\">{\"@context\":\"https:\\\/\\\/schema.org\",\"@graph\":[{\"@type\":\"WebPage\",\"@id\":\"https:\\\/\\\/hausarztzentrum-holtenser-berg.de\\\/?page_id=12\",\"url\":\"https:\\\/\\\/hausarztzentrum-holtenser-berg.de\\\/?page_id=12\",\"name\":\"Termine \\\/ Sprechzeiten \\\/ Videosprechstunde - Hausarzt-Zentrum Holtenser Berg\",\"isPartOf\":{\"@id\":\"https:\\\/\\\/hausarztzentrum-holtenser-berg.de\\\/#website\"},\"datePublished\":\"2019-07-05T19:00:13+00:00\",\"dateModified\":\"2025-11-16T17:43:37+00:00\",\"breadcrumb\":{\"@id\":\"https:\\\/\\\/hausarztzentrum-holtenser-berg.de\\\/?page_id=12#breadcrumb\"},\"inLanguage\":\"de\",\"potentialAction\":[{\"@type\":\"ReadAction\",\"target\":[\"https:\\\/\\\/hausarztzentrum-holtenser-berg.de\\\/?page_id=12\"]}]},{\"@type\":\"BreadcrumbList\",\"@id\":\"https:\\\/\\\/hausarztzentrum-holtenser-berg.de\\\/?page_id=12#breadcrumb\",\"itemListElement\":[{\"@type\":\"ListItem\",\"position\":1,\"name\":\"Startseite\",\"item\":\"https:\\\/\\\/hausarztzentrum-holtenser-berg.de\\\/?page_id=343\"},{\"@type\":\"ListItem\",\"position\":2,\"name\":\"Termine \\\/ Sprechzeiten \\\/ Videosprechstunde\"}]},{\"@type\":\"WebSite\",\"@id\":\"https:\\\/\\\/hausarztzentrum-holtenser-berg.de\\\/#website\",\"url\":\"https:\\\/\\\/hausarztzentrum-holtenser-berg.de\\\/\",\"name\":\"Hausarzt-Zentrum Holtenser Berg\",\"description\":\"Ihre Haus\u00e4rzte f\u00fcr die ganze Familie\",\"publisher\":{\"@id\":\"https:\\\/\\\/hausarztzentrum-holtenser-berg.de\\\/#organization\"},\"potentialAction\":[{\"@type\":\"SearchAction\",\"target\":{\"@type\":\"EntryPoint\",\"urlTemplate\":\"https:\\\/\\\/hausarztzentrum-holtenser-berg.de\\\/?s={search_term_string}\"},\"query-input\":{\"@type\":\"PropertyValueSpecification\",\"valueRequired\":true,\"valueName\":\"search_term_string\"}}],\"inLanguage\":\"de\"},{\"@type\":\"Organization\",\"@id\":\"https:\\\/\\\/hausarztzentrum-holtenser-berg.de\\\/#organization\",\"name\":\"Hausarztpraxis Holtenser Berg\",\"url\":\"https:\\\/\\\/hausarztzentrum-holtenser-berg.de\\\/\",\"logo\":{\"@type\":\"ImageObject\",\"inLanguage\":\"de\",\"@id\":\"https:\\\/\\\/hausarztzentrum-holtenser-berg.de\\\/#\\\/schema\\\/logo\\\/image\\\/\",\"url\":\"https:\\\/\\\/i0.wp.com\\\/hausarztzentrum-holtenser-berg.de\\\/wp-content\\\/uploads\\\/2019\\\/07\\\/cropped-Logo_Fischer_1c_ohneText-2.png?fit=2369%2C1005&ssl=1\",\"contentUrl\":\"https:\\\/\\\/i0.wp.com\\\/hausarztzentrum-holtenser-berg.de\\\/wp-content\\\/uploads\\\/2019\\\/07\\\/cropped-Logo_Fischer_1c_ohneText-2.png?fit=2369%2C1005&ssl=1\",\"width\":2369,\"height\":1005,\"caption\":\"Hausarztpraxis Holtenser Berg\"},\"image\":{\"@id\":\"https:\\\/\\\/hausarztzentrum-holtenser-berg.de\\\/#\\\/schema\\\/logo\\\/image\\\/\"}}]}<\/script>\n<!-- \/ Yoast SEO plugin. -->","yoast_head_json":{"title":"Termine \/ Sprechzeiten \/ Videosprechstunde - Hausarzt-Zentrum Holtenser Berg","robots":{"index":"index","follow":"follow","max-snippet":"max-snippet:-1","max-image-preview":"max-image-preview:large","max-video-preview":"max-video-preview:-1"},"canonical":"https:\/\/hausarztzentrum-holtenser-berg.de\/?page_id=12","og_locale":"de_DE","og_type":"article","og_title":"Termine \/ Sprechzeiten \/ Videosprechstunde - Hausarzt-Zentrum Holtenser Berg","og_description":"Wir f\u00fchren t\u00e4glich eine Terminsprechstunde durch. Hierzu erhalten Sie Termine per Online-Terminvergabe oder telefonisch \u00fcber unseren Telefonassistenten. Bitte sehen Sie davon ab, ohne Termin die Praxis aufzusuchen. Selbstverst\u00e4ndlich gilt dies nicht f\u00fcr akute Notf\u00e4lle! Im Anschluss an die Terminsprechstunde findet die Akutsprechstunde statt: vormittags t\u00e4glich ab ca. 11:30 Uhr und [&hellip;]","og_url":"https:\/\/hausarztzentrum-holtenser-berg.de\/?page_id=12","og_site_name":"Hausarzt-Zentrum Holtenser Berg","article_modified_time":"2025-11-16T17:43:37+00:00","twitter_card":"summary_large_image","twitter_misc":{"Gesch\u00e4tzte Lesezeit":"2\u00a0Minuten"},"schema":{"@context":"https:\/\/schema.org","@graph":[{"@type":"WebPage","@id":"https:\/\/hausarztzentrum-holtenser-berg.de\/?page_id=12","url":"https:\/\/hausarztzentrum-holtenser-berg.de\/?page_id=12","name":"Termine \/ Sprechzeiten \/ Videosprechstunde - Hausarzt-Zentrum Holtenser Berg","isPartOf":{"@id":"https:\/\/hausarztzentrum-holtenser-berg.de\/#website"},"datePublished":"2019-07-05T19:00:13+00:00","dateModified":"2025-11-16T17:43:37+00:00","breadcrumb":{"@id":"https:\/\/hausarztzentrum-holtenser-berg.de\/?page_id=12#breadcrumb"},"inLanguage":"de","potentialAction":[{"@type":"ReadAction","target":["https:\/\/hausarztzentrum-holtenser-berg.de\/?page_id=12"]}]},{"@type":"BreadcrumbList","@id":"https:\/\/hausarztzentrum-holtenser-berg.de\/?page_id=12#breadcrumb","itemListElement":[{"@type":"ListItem","position":1,"name":"Startseite","item":"https:\/\/hausarztzentrum-holtenser-berg.de\/?page_id=343"},{"@type":"ListItem","position":2,"name":"Termine \/ Sprechzeiten \/ Videosprechstunde"}]},{"@type":"WebSite","@id":"https:\/\/hausarztzentrum-holtenser-berg.de\/#website","url":"https:\/\/hausarztzentrum-holtenser-berg.de\/","name":"Hausarzt-Zentrum Holtenser Berg","description":"Ihre Haus\u00e4rzte f\u00fcr die ganze Familie","publisher":{"@id":"https:\/\/hausarztzentrum-holtenser-berg.de\/#organization"},"potentialAction":[{"@type":"SearchAction","target":{"@type":"EntryPoint","urlTemplate":"https:\/\/hausarztzentrum-holtenser-berg.de\/?s={search_term_string}"},"query-input":{"@type":"PropertyValueSpecification","valueRequired":true,"valueName":"search_term_string"}}],"inLanguage":"de"},{"@type":"Organization","@id":"https:\/\/hausarztzentrum-holtenser-berg.de\/#organization","name":"Hausarztpraxis Holtenser Berg","url":"https:\/\/hausarztzentrum-holtenser-berg.de\/","logo":{"@type":"ImageObject","inLanguage":"de","@id":"https:\/\/hausarztzentrum-holtenser-berg.de\/#\/schema\/logo\/image\/","url":"https:\/\/i0.wp.com\/hausarztzentrum-holtenser-berg.de\/wp-content\/uploads\/2019\/07\/cropped-Logo_Fischer_1c_ohneText-2.png?fit=2369%2C1005&ssl=1","contentUrl":"https:\/\/i0.wp.com\/hausarztzentrum-holtenser-berg.de\/wp-content\/uploads\/2019\/07\/cropped-Logo_Fischer_1c_ohneText-2.png?fit=2369%2C1005&ssl=1","width":2369,"height":1005,"caption":"Hausarztpraxis Holtenser Berg"},"image":{"@id":"https:\/\/hausarztzentrum-holtenser-berg.de\/#\/schema\/logo\/image\/"}}]}},"jetpack_sharing_enabled":true,"_links":{"self":[{"href":"https:\/\/hausarztzentrum-holtenser-berg.de\/index.php?rest_route=\/wp\/v2\/pages\/12","targetHints":{"allow":["GET"]}}],"collection":[{"href":"https:\/\/hausarztzentrum-holtenser-berg.de\/index.php?rest_route=\/wp\/v2\/pages"}],"about":[{"href":"https:\/\/hausarztzentrum-holtenser-berg.de\/index.php?rest_route=\/wp\/v2\/types\/page"}],"author":[{"embeddable":true,"href":"https:\/\/hausarztzentrum-holtenser-berg.de\/index.php?rest_route=\/wp\/v2\/users\/1"}],"replies":[{"embeddable":true,"href":"https:\/\/hausarztzentrum-holtenser-berg.de\/index.php?rest_route=%2Fwp%2Fv2%2Fcomments&post=12"}],"version-history":[{"count":47,"href":"https:\/\/hausarztzentrum-holtenser-berg.de\/index.php?rest_route=\/wp\/v2\/pages\/12\/revisions"}],"predecessor-version":[{"id":634,"href":"https:\/\/hausarztzentrum-holtenser-berg.de\/index.php?rest_route=\/wp\/v2\/pages\/12\/revisions\/634"}],"wp:attachment":[{"href":"https:\/\/hausarztzentrum-holtenser-berg.de\/index.php?rest_route=%2Fwp%2Fv2%2Fmedia&parent=12"}],"curies":[{"name":"wp","href":"https:\/\/api.w.org\/{rel}","templated":true}]}}